{"id":30,"date":"2026-02-26T10:56:55","date_gmt":"2026-02-26T10:56:55","guid":{"rendered":"https:\/\/horsesoffigueiras.bonsaidev.nl\/?page_id=30"},"modified":"2026-03-25T11:05:22","modified_gmt":"2026-03-25T10:05:22","slug":"studfarm","status":"publish","type":"page","link":"https:\/\/horsesoffigueiras.bonsaidev.nl\/de\/studfarm\/","title":{"rendered":"Gest\u00fct"},"content":{"rendered":"<style type=\"text\/css\" data-created_by=\"avia_inline_auto\" id=\"style-css-av-4vrey-154c7784aa4c1dafc565bdacb062b195\">\n.avia-section.av-4vrey-154c7784aa4c1dafc565bdacb062b195{\nbackground-color:#ebe8de;\nbackground-image:unset;\n}\n<\/style>\n<div id='av_section_1'  class='avia-section av-4vrey-154c7784aa4c1dafc565bdacb062b195 main_color avia-section-default avia-no-border-styling  avia-builder-el-0  el_before_av_section  avia-builder-el-first  avia-bg-style-scroll av-minimum-height av-minimum-height-custom av-height-custom  container_wrap fullsize'   data-av_minimum_height_px='480'><div class='container av-section-cont-open' style='height:480px'><main  role=\"main\" itemprop=\"mainContentOfPage\"  class='template-page content  av-content-full alpha units'><div class='post-entry post-entry-type-page post-entry-30'><div class='entry-content-wrapper clearfix'>\n<div  class='flex_column av-4eu02-1cdeeccf5a7e828960051650dd392238 av_one_full  avia-builder-el-1  avia-builder-el-no-sibling  first flex_column_div'     ><style type=\"text\/css\" data-created_by=\"avia_inline_auto\" id=\"style-css-av-mm3hsw2m-e173fc86c6f373556870ba7097719b80\">\n#top .av-special-heading.av-mm3hsw2m-e173fc86c6f373556870ba7097719b80{\npadding-bottom:10px;\ncolor:#1e1b2e;\nfont-size:68px;\n}\nbody .av-special-heading.av-mm3hsw2m-e173fc86c6f373556870ba7097719b80 .av-special-heading-tag .heading-char{\nfont-size:25px;\n}\n#top #wrap_all .av-special-heading.av-mm3hsw2m-e173fc86c6f373556870ba7097719b80 .av-special-heading-tag{\nfont-size:68px;\n}\n.av-special-heading.av-mm3hsw2m-e173fc86c6f373556870ba7097719b80 .special-heading-inner-border{\nborder-color:#1e1b2e;\n}\n.av-special-heading.av-mm3hsw2m-e173fc86c6f373556870ba7097719b80 .av-subheading{\nfont-size:15px;\n}\n\n@media only screen and (min-width: 480px) and (max-width: 767px){ \n#top #wrap_all .av-special-heading.av-mm3hsw2m-e173fc86c6f373556870ba7097719b80 .av-special-heading-tag{\nfont-size:0.8em;\n}\n}\n\n@media only screen and (max-width: 479px){ \n#top #wrap_all .av-special-heading.av-mm3hsw2m-e173fc86c6f373556870ba7097719b80 .av-special-heading-tag{\nfont-size:0.8em;\n}\n}\n<\/style>\n<div  class='av-special-heading av-mm3hsw2m-e173fc86c6f373556870ba7097719b80 av-special-heading-h1 custom-color-heading blockquote modern-quote modern-centered  avia-builder-el-2  avia-builder-el-no-sibling  av-inherit-size'><h1 class='av-special-heading-tag'  itemprop=\"headline\"  >Gest\u00fct<\/h1><div class=\"special-heading-border\"><div class=\"special-heading-inner-border\"><\/div><\/div><\/div><\/div>\n\n<\/div><\/div><\/main><!-- close content main element --><\/div><\/div><div id='av_section_2'  class='avia-section av-3xyle-c5a5425f6bfce9b6bc69473b8ce27588 main_color avia-section-default avia-no-border-styling  avia-builder-el-3  el_after_av_section  el_before_av_layout_row  avia-bg-style-scroll container_wrap fullsize'  ><div class='container av-section-cont-open' ><div class='template-page content  av-content-full alpha units'><div class='post-entry post-entry-type-page post-entry-30'><div class='entry-content-wrapper clearfix'>\n<div  class='flex_column av-32j6u-9397957857b7cb13ecd83bdc417ab705 av_one_fifth  avia-builder-el-4  el_before_av_three_fifth  avia-builder-el-first  first flex_column_div'     ><\/div><div  class='flex_column av-2xf5u-85ef27ff98fbf2a067fc895697882206 av_three_fifth  avia-builder-el-5  el_after_av_one_fifth  el_before_av_one_fifth  flex_column_div'     ><section  class='av_textblock_section av-2atcm-2721e9ed9cf6b4a7c61e3a3d2b3e4e55'   itemscope=\"itemscope\" itemtype=\"https:\/\/schema.org\/CreativeWork\" ><div class='avia_textblock'  itemprop=\"text\" ><h2>Ein Verm\u00e4chtnis, das auf Hingabe beruht<\/h2>\n<p><span class=\"intro\">Horses of Figueiras wurde im Jahr 2000 mit einem klaren Ziel gegr\u00fcndet: Lusitanos zu z\u00fcchten, die in der Lage sind, auf h\u00f6chstem Niveau im modernen Sport zu konkurrieren und gleichzeitig die Seele der Rasse zu bewahren. Das Gest\u00fct hat sich seitdem zu einem Ma\u00dfstab f\u00fcr Qualit\u00e4t entwickelt und bringt Pferde hervor, die f\u00fcr ihre Ausgeglichenheit, Elastizit\u00e4t und au\u00dfergew\u00f6hnliche Rittigkeit bekannt sind.<\/span><\/p>\n<p>Einer der Hauptunterschiede bei der Auswahl der Stuten zu Hause bestand darin, dass sie alle einer umfassenden Pr\u00fcfung unterzogen wurden (K\u00f6rperbau, Gang, Trab, Galopp, Funktionalit\u00e4t und Belastbarkeit), die in verschiedenen Bereichen bewertet wurde, sowohl in der Dressur als auch im Trab. Durch diese \u00dcberwachung konnte ihr wahres Potenzial beobachtet werden. Stuten, die bei diesen Tests nicht den Erwartungen entsprachen, wurden aussortiert.<\/p>\n<\/div><\/section><\/div><div  class='flex_column av-1ihtu-1b899fe1f36995fd3a2c6bf5d05a5982 av_one_fifth  avia-builder-el-7  el_after_av_three_fifth  el_before_av_two_fifth  flex_column_div'     ><\/div><div class='flex_column_table av-mm3hwuu7-db3db6c8fa2cafb44b3e70653581d0e2 sc-av_two_fifth av-equal-height-column-flextable'>\n<style type=\"text\/css\" data-created_by=\"avia_inline_auto\" id=\"style-css-av-mm3hwuu7-db3db6c8fa2cafb44b3e70653581d0e2\">\n.flex_column.av-mm3hwuu7-db3db6c8fa2cafb44b3e70653581d0e2{\nwidth:35.2%;\nmargin-left:0;\n}\n#top .flex_column_table.av-equal-height-column-flextable.av-mm3hwuu7-db3db6c8fa2cafb44b3e70653581d0e2 .av-flex-placeholder{\nwidth:8%;\n}\n<\/style>\n<div  class='flex_column av-mm3hwuu7-db3db6c8fa2cafb44b3e70653581d0e2 av_two_fifth  avia-builder-el-8  el_after_av_one_fifth  el_before_av_three_fifth  first flex_column_table_cell av-equal-height-column av-align-middle  column-top-margin'     ><style type=\"text\/css\" data-created_by=\"avia_inline_auto\" id=\"style-css-av-mm3hvha5-643ab806b4bf73c52d0c314b74c25332\">\n.avia-image-container.av-mm3hvha5-643ab806b4bf73c52d0c314b74c25332 img.avia_image{\nbox-shadow:none;\n}\n.avia-image-container.av-mm3hvha5-643ab806b4bf73c52d0c314b74c25332 .av-image-caption-overlay-center{\ncolor:#ffffff;\n}\n<\/style>\n<div  class='avia-image-container av-mm3hvha5-643ab806b4bf73c52d0c314b74c25332 av-styling- avia-align-center  avia-builder-el-9  avia-builder-el-no-sibling'   itemprop=\"image\" itemscope=\"itemscope\" itemtype=\"https:\/\/schema.org\/ImageObject\" ><div class=\"avia-image-container-inner\"><div class=\"avia-image-overlay-wrap\"><img decoding=\"async\" fetchpriority=\"high\" class='wp-image-362 avia-img-lazy-loading-not-362 avia_image' src=\"https:\/\/horsesoffigueiras.bonsaidev.nl\/wp-content\/uploads\/2026\/03\/figeuiras-scaled.jpg\" alt='' title='figeuiras'  height=\"1707\" width=\"2560\"  itemprop=\"thumbnailUrl\" srcset=\"https:\/\/horsesoffigueiras.bonsaidev.nl\/wp-content\/uploads\/2026\/03\/figeuiras-scaled.jpg 2560w, https:\/\/horsesoffigueiras.bonsaidev.nl\/wp-content\/uploads\/2026\/03\/figeuiras-300x200.jpg 300w, https:\/\/horsesoffigueiras.bonsaidev.nl\/wp-content\/uploads\/2026\/03\/figeuiras-1030x687.jpg 1030w, https:\/\/horsesoffigueiras.bonsaidev.nl\/wp-content\/uploads\/2026\/03\/figeuiras-768x512.jpg 768w, https:\/\/horsesoffigueiras.bonsaidev.nl\/wp-content\/uploads\/2026\/03\/figeuiras-1536x1024.jpg 1536w, https:\/\/horsesoffigueiras.bonsaidev.nl\/wp-content\/uploads\/2026\/03\/figeuiras-2048x1365.jpg 2048w, https:\/\/horsesoffigueiras.bonsaidev.nl\/wp-content\/uploads\/2026\/03\/figeuiras-18x12.jpg 18w, https:\/\/horsesoffigueiras.bonsaidev.nl\/wp-content\/uploads\/2026\/03\/figeuiras-1500x1000.jpg 1500w, https:\/\/horsesoffigueiras.bonsaidev.nl\/wp-content\/uploads\/2026\/03\/figeuiras-705x470.jpg 705w\" sizes=\"(max-width: 2560px) 100vw, 2560px\" \/><\/div><\/div><\/div><\/div><div class='av-flex-placeholder'><\/div>\n<style type=\"text\/css\" data-created_by=\"avia_inline_auto\" id=\"style-css-av-13zaq-baedad96d19fcf0eeba42bdaf854f6e7\">\n.flex_column.av-13zaq-baedad96d19fcf0eeba42bdaf854f6e7{\nwidth:56.8%;\nmargin-left:0;\n}\n#top .flex_column_table.av-equal-height-column-flextable.av-13zaq-baedad96d19fcf0eeba42bdaf854f6e7 .av-flex-placeholder{\nwidth:8%;\n}\n<\/style>\n<div  class='flex_column av-13zaq-baedad96d19fcf0eeba42bdaf854f6e7 av_three_fifth  avia-builder-el-10  el_after_av_two_fifth  el_before_av_two_fifth  flex_column_table_cell av-equal-height-column av-align-middle  column-top-margin'     ><section  class='av_textblock_section av-mm3htoh5-28e9e58ff2139c946e57f06e29ec4f9d'   itemscope=\"itemscope\" itemtype=\"https:\/\/schema.org\/CreativeWork\" ><div class='avia_textblock'  itemprop=\"text\" ><h2>Unsere Stuten - das Herz von Figueiras<\/h2>\n<p>Die Figueiras-Zuchtstuten bilden das genetische R\u00fcckgrat unseres Zuchtprogramms. Sorgf\u00e4ltig aus starken portugiesischen Blutlinien ausgew\u00e4hlt, vermitteln diese Stuten die Kraft, den Typ und den Ausdruck, die den Figueiras-Stempel ausmachen. Jede Generation wird nicht nur nach dem Stammbaum, sondern auch nach Leistung und Bewegung bewertet, um einen konstanten Fortschritt und Qualit\u00e4t zu gew\u00e4hrleisten.<\/p>\n<\/div><\/section><br \/>\n\n<style type=\"text\/css\" data-created_by=\"avia_inline_auto\" id=\"style-css-av-mm3hxf8h-bf13ad80ff5639f29a96b58deaaa65da\">\n#top .hr.hr-invisible.av-mm3hxf8h-bf13ad80ff5639f29a96b58deaaa65da{\nheight:15px;\n}\n<\/style>\n<div  class='hr av-mm3hxf8h-bf13ad80ff5639f29a96b58deaaa65da hr-invisible  avia-builder-el-12  el_after_av_textblock  el_before_av_button'><span class='hr-inner'><span class=\"hr-inner-style\"><\/span><\/span><\/div><br \/>\n<div  class='avia-button-wrap av-mm3hw65g-e29816759b852d8e54cbf8670c648263-wrap avia-button-left  avia-builder-el-13  el_after_av_hr  avia-builder-el-last'><a href='https:\/\/horsesoffigueiras.bonsaidev.nl\/de\/sales-horses\/?_categorie_button=mares#horses'  class='avia-button av-mm3hw65g-e29816759b852d8e54cbf8670c648263 av-link-btn avia-icon_select-no avia-size-small avia-position-left avia-color-theme-color'   aria-label=\"Unsere Stuten ansehen\"><span class='avia_iconbox_title' >Unsere Stuten ansehen<\/span><\/a><\/div><\/p><\/div><\/div><!--close column table wrapper. Autoclose: 1 --><div class='flex_column_table av-2vpa2-7a5deb946d6c41785e6b29bae905b665 sc-av_two_fifth av-equal-height-column-flextable'>\n<style type=\"text\/css\" data-created_by=\"avia_inline_auto\" id=\"style-css-av-2vpa2-7a5deb946d6c41785e6b29bae905b665\">\n#top .flex_column_table.av-equal-height-column-flextable.av-2vpa2-7a5deb946d6c41785e6b29bae905b665{\nmargin-top:80px;\nmargin-bottom:0px;\n}\n.flex_column.av-2vpa2-7a5deb946d6c41785e6b29bae905b665{\nwidth:35.2%;\nmargin-left:0;\n}\n#top .flex_column_table.av-equal-height-column-flextable.av-2vpa2-7a5deb946d6c41785e6b29bae905b665 .av-flex-placeholder{\nwidth:8%;\n}\n<\/style>\n<div  class='flex_column av-2vpa2-7a5deb946d6c41785e6b29bae905b665 av_two_fifth  avia-builder-el-14  el_after_av_three_fifth  el_before_av_three_fifth  first flex_column_table_cell av-equal-height-column av-align-middle'     ><style type=\"text\/css\" data-created_by=\"avia_inline_auto\" id=\"style-css-av-1yzfa-d0ed102f5c38e34c66c5ed98a3a8c9b1\">\n.avia-image-container.av-1yzfa-d0ed102f5c38e34c66c5ed98a3a8c9b1 img.avia_image{\nbox-shadow:none;\n}\n.avia-image-container.av-1yzfa-d0ed102f5c38e34c66c5ed98a3a8c9b1 .av-image-caption-overlay-center{\ncolor:#ffffff;\n}\n<\/style>\n<div  class='avia-image-container av-1yzfa-d0ed102f5c38e34c66c5ed98a3a8c9b1 av-styling- avia-align-center  avia-builder-el-15  avia-builder-el-no-sibling'   itemprop=\"image\" itemscope=\"itemscope\" itemtype=\"https:\/\/schema.org\/ImageObject\" ><div class=\"avia-image-container-inner\"><div class=\"avia-image-overlay-wrap\"><img decoding=\"async\" fetchpriority=\"high\" class='wp-image-365 avia-img-lazy-loading-not-365 avia_image' src=\"https:\/\/horsesoffigueiras.bonsaidev.nl\/wp-content\/uploads\/2026\/03\/4M0A9844.jpg.jpg\" alt='' title='4M0A9844.jpg'  height=\"1200\" width=\"1500\"  itemprop=\"thumbnailUrl\" srcset=\"https:\/\/horsesoffigueiras.bonsaidev.nl\/wp-content\/uploads\/2026\/03\/4M0A9844.jpg.jpg 1500w, https:\/\/horsesoffigueiras.bonsaidev.nl\/wp-content\/uploads\/2026\/03\/4M0A9844.jpg-300x240.jpg 300w, https:\/\/horsesoffigueiras.bonsaidev.nl\/wp-content\/uploads\/2026\/03\/4M0A9844.jpg-1030x824.jpg 1030w, https:\/\/horsesoffigueiras.bonsaidev.nl\/wp-content\/uploads\/2026\/03\/4M0A9844.jpg-768x614.jpg 768w, https:\/\/horsesoffigueiras.bonsaidev.nl\/wp-content\/uploads\/2026\/03\/4M0A9844.jpg-15x12.jpg 15w, https:\/\/horsesoffigueiras.bonsaidev.nl\/wp-content\/uploads\/2026\/03\/4M0A9844.jpg-705x564.jpg 705w\" sizes=\"(max-width: 1500px) 100vw, 1500px\" \/><\/div><\/div><\/div><\/div><div class='av-flex-placeholder'><\/div>\n<style type=\"text\/css\" data-created_by=\"avia_inline_auto\" id=\"style-css-av-1krum-e7510c389c29ff1a22aa8ad564c557b9\">\n#top .flex_column_table.av-equal-height-column-flextable.av-1krum-e7510c389c29ff1a22aa8ad564c557b9{\nmargin-top:80px;\nmargin-bottom:0px;\n}\n.flex_column.av-1krum-e7510c389c29ff1a22aa8ad564c557b9{\nwidth:56.8%;\nmargin-left:0;\n}\n#top .flex_column_table.av-equal-height-column-flextable.av-1krum-e7510c389c29ff1a22aa8ad564c557b9 .av-flex-placeholder{\nwidth:8%;\n}\n<\/style>\n<div  class='flex_column av-1krum-e7510c389c29ff1a22aa8ad564c557b9 av_three_fifth  avia-builder-el-16  el_after_av_two_fifth  el_before_av_one_fifth  flex_column_table_cell av-equal-height-column av-align-middle'     ><section  class='av_textblock_section av-2ub4i-c5dda9039547e5a246d97a1e4e399214'   itemscope=\"itemscope\" itemtype=\"https:\/\/schema.org\/CreativeWork\" ><div class='avia_textblock'  itemprop=\"text\" ><h2>Unsere Hengste - St\u00e4rke, Charakter und Umfang<\/h2>\n<p>Die Hengste von Figueiras repr\u00e4sentieren das Beste aus unserer Zucht. Sie haben sich im Sport bew\u00e4hrt und wurden nach Exterieur, Bewegung und Temperament ausgew\u00e4hlt und stehen f\u00fcr die Zucht mit anerkannten Stuten zur Verf\u00fcgung. Jedes Hengstprofil enth\u00e4lt detaillierte Fotos, Ergebnisse und die Verf\u00fcgbarkeit von Sperma.<\/p>\n<h4>Sperma bester Qualit\u00e4t bestellen<\/h4>\n<p>Wenn Sie die Seite des Hengstes besuchen, k\u00f6nnen Sie ein Formular ausf\u00fcllen, um Sperma f\u00fcr diesen bestimmten Hengst zu bestellen.<\/p>\n<\/div><\/section><br \/>\n\n<style type=\"text\/css\" data-created_by=\"avia_inline_auto\" id=\"style-css-av-3hby-7ce62c7e6b80af7ecafe325aebb38d4d\">\n#top .hr.hr-invisible.av-3hby-7ce62c7e6b80af7ecafe325aebb38d4d{\nheight:15px;\n}\n<\/style>\n<div  class='hr av-3hby-7ce62c7e6b80af7ecafe325aebb38d4d hr-invisible  avia-builder-el-18  el_after_av_textblock  el_before_av_button'><span class='hr-inner'><span class=\"hr-inner-style\"><\/span><\/span><\/div><br \/>\n<div  class='avia-button-wrap av-mm3hzkuh-801a9600d13945b549e4d16701d61a93-wrap avia-button-left  avia-builder-el-19  el_after_av_hr  avia-builder-el-last'><a href='https:\/\/horsesoffigueiras.bonsaidev.nl\/de\/sales-horses\/?_categorie_button=stallions#horses'  class='avia-button av-mm3hzkuh-801a9600d13945b549e4d16701d61a93 av-link-btn avia-icon_select-no avia-size-small avia-position-left avia-color-theme-color'   aria-label=\"Siehe unsere Hengste\"><span class='avia_iconbox_title' >Siehe unsere Hengste<\/span><\/a><\/div><\/p><\/div><\/div><!--close column table wrapper. Autoclose: 1 -->\n<style type=\"text\/css\" data-created_by=\"avia_inline_auto\" id=\"style-css-av-25sy6-3c52268b5ba4707eb22eeb1b72843f8e\">\n#top .flex_column.av-25sy6-3c52268b5ba4707eb22eeb1b72843f8e{\nmargin-top:80px;\n}\n.responsive #top #wrap_all .flex_column.av-25sy6-3c52268b5ba4707eb22eeb1b72843f8e{\nmargin-top:80px;\n}\n<\/style>\n<div  class='flex_column av-25sy6-3c52268b5ba4707eb22eeb1b72843f8e av_one_fifth  avia-builder-el-20  el_after_av_three_fifth  el_before_av_three_fifth  first flex_column_div'     ><\/div>\n<style type=\"text\/css\" data-created_by=\"avia_inline_auto\" id=\"style-css-av-53cu-b385a9fc591512a3ea9e3cd0bce96e4e\">\n#top .flex_column.av-53cu-b385a9fc591512a3ea9e3cd0bce96e4e{\nmargin-top:80px;\n}\n.responsive #top #wrap_all .flex_column.av-53cu-b385a9fc591512a3ea9e3cd0bce96e4e{\nmargin-top:80px;\n}\n<\/style>\n<div  class='flex_column av-53cu-b385a9fc591512a3ea9e3cd0bce96e4e av_three_fifth  avia-builder-el-21  el_after_av_one_fifth  el_before_av_one_fifth  flex_column_div'     ><section  class='av_textblock_section av-mm3hzf1g-562fa380ce7d75952043b029fcb6df9a'   itemscope=\"itemscope\" itemtype=\"https:\/\/schema.org\/CreativeWork\" ><div class='avia_textblock'  itemprop=\"text\" ><h2>Von der Zucht \u00fcber den Sport bis zum Verkauf<\/h2>\n<p><span class=\"intro\">Jedes Pferd, das in Figueiras geboren wird, wird mit einem Ziel aufgezogen: sein volles Potenzial zu erreichen, sei es als zuk\u00fcnftiges Sportpferd oder als zuverl\u00e4ssiger Partner f\u00fcr einen engagierten Reiter. Von den ersten Schritten auf der Koppel bis zu den ersten Trainingseinheiten unter dem Sattel werden unsere jungen Pferde von erfahrenen Fachleuten betreut.<\/span><\/p>\n<p>Jedes einzelne Pferd wird auf seine Bewegungen, sein Temperament und seine Ausbildungsf\u00e4higkeit gepr\u00fcft. Nur die vielversprechendsten Pferde werden weiter im Sport eingesetzt oder zum Verkauf angeboten. Diese sorgf\u00e4ltige Auswahl stellt sicher, dass jedes Figueiras-Pferd das Beste unserer Zuchtphilosophie repr\u00e4sentiert - athletisch, willig und elegant. Unsere Verkaufskollektion spiegelt mehr als zwei Jahrzehnte der Best\u00e4ndigkeit und Verfeinerung wider. Viele unserer Pferde haben an internationalen Wettbewerben teilgenommen oder sind zu gesch\u00e4tzten Partnern von Reitern in ganz Europa geworden.<\/p>\n<\/div><\/section><br \/>\n\n<style type=\"text\/css\" data-created_by=\"avia_inline_auto\" id=\"style-css-av-zuua-fd67aaf38e22bcd485e766a3a154795f\">\n#top .hr.hr-invisible.av-zuua-fd67aaf38e22bcd485e766a3a154795f{\nheight:15px;\n}\n<\/style>\n<div  class='hr av-zuua-fd67aaf38e22bcd485e766a3a154795f hr-invisible  avia-builder-el-23  el_after_av_textblock  el_before_av_buttonrow'><span class='hr-inner'><span class=\"hr-inner-style\"><\/span><\/span><\/div><br \/>\n<div  class='avia-buttonrow-wrap av-mm3i38ut-d8d43fb0663b70e0a8d7995dd5a8684c avia-buttonrow-left  avia-builder-el-24  el_after_av_hr  avia-builder-el-last'>\n\n<style type=\"text\/css\" data-created_by=\"avia_inline_auto\" id=\"style-css-av-mm3i2ydb-03e80c4ba626bb6344f22f5f318a8e48\">\n#top #wrap_all .avia-button.av-mm3i2ydb-03e80c4ba626bb6344f22f5f318a8e48{\nmargin-bottom:20px;\nmargin-right:20px;\n}\n<\/style>\n<a href='https:\/\/horsesoffigueiras.bonsaidev.nl\/de\/sales-horses\/?_categorie_button=mares#horses'  class='avia-button av-mm3i2ydb-03e80c4ba626bb6344f22f5f318a8e48 avia-icon_select-no avia-size-small avia-color-theme-color'   aria-label=\"Unsere Stuten ansehen\"><span class='avia_iconbox_title' >Unsere Stuten ansehen<\/span><\/a>\n\n<style type=\"text\/css\" data-created_by=\"avia_inline_auto\" id=\"style-css-av-mm3i33jt-9edca95bb754fdffcf6f9ebecd388649\">\n#top #wrap_all .avia-button.av-mm3i33jt-9edca95bb754fdffcf6f9ebecd388649{\nmargin-bottom:20px;\nmargin-right:20px;\n}\n<\/style>\n<a href='https:\/\/horsesoffigueiras.bonsaidev.nl\/de\/sales-horses\/?_categorie_button=stallions#horses'  class='avia-button av-mm3i33jt-9edca95bb754fdffcf6f9ebecd388649 avia-icon_select-no avia-size-small avia-color-theme-color'   aria-label=\"Siehe unsere Hengste\"><span class='avia_iconbox_title' >Siehe unsere Hengste<\/span><\/a>\n<\/div><\/p><\/div>\n<style type=\"text\/css\" data-created_by=\"avia_inline_auto\" id=\"style-css-av-t7ke-d1e20587ac09f21b4476531d288a7b71\">\n#top .flex_column.av-t7ke-d1e20587ac09f21b4476531d288a7b71{\nmargin-top:80px;\n}\n.responsive #top #wrap_all .flex_column.av-t7ke-d1e20587ac09f21b4476531d288a7b71{\nmargin-top:80px;\n}\n<\/style>\n<div  class='flex_column av-t7ke-d1e20587ac09f21b4476531d288a7b71 av_one_fifth  avia-builder-el-25  el_after_av_three_fifth  avia-builder-el-last  flex_column_div'     ><\/div><\/div><\/div><\/div><!-- close content main div --><\/div><\/div><div id='av-layout-grid-1'  class='av-layout-grid-container av-7w4m-be43f4a0cf0c6ca5d0f0a3d0d2c950c0 entry-content-wrapper main_color av-flex-cells  avia-builder-el-26  el_after_av_section  avia-builder-el-last  grid-row-not-first  container_wrap fullsize'  >\n\n<style type=\"text\/css\" data-created_by=\"avia_inline_auto\" id=\"style-css-av-1imzy-65122da1bd240f10185b3ef4d56c9611\">\n.flex_cell.av-1imzy-65122da1bd240f10185b3ef4d56c9611{\nvertical-align:top;\nbackground-color:#1e1b2e;\n}\n.responsive #top #wrap_all .flex_cell.av-1imzy-65122da1bd240f10185b3ef4d56c9611{\npadding:160px 0px 120px 0px !important;\n}\n<\/style>\n<div class='flex_cell av-1imzy-65122da1bd240f10185b3ef4d56c9611 av-gridrow-cell av_one_full no_margin  avia-builder-el-27  avia-builder-el-no-sibling  content-align-top'  ><div class='flex_cell_inner'>\n<\/div><\/div>\n<\/div><\/p>","protected":false},"excerpt":{"rendered":"","protected":false},"author":1,"featured_media":0,"parent":0,"menu_order":0,"comment_status":"closed","ping_status":"closed","template":"","meta":{"_acf_changed":false,"footnotes":""},"class_list":["post-30","page","type-page","status-publish","hentry"],"acf":[],"_links":{"self":[{"href":"https:\/\/horsesoffigueiras.bonsaidev.nl\/de\/wp-json\/wp\/v2\/pages\/30","targetHints":{"allow":["GET"]}}],"collection":[{"href":"https:\/\/horsesoffigueiras.bonsaidev.nl\/de\/wp-json\/wp\/v2\/pages"}],"about":[{"href":"https:\/\/horsesoffigueiras.bonsaidev.nl\/de\/wp-json\/wp\/v2\/types\/page"}],"author":[{"embeddable":true,"href":"https:\/\/horsesoffigueiras.bonsaidev.nl\/de\/wp-json\/wp\/v2\/users\/1"}],"replies":[{"embeddable":true,"href":"https:\/\/horsesoffigueiras.bonsaidev.nl\/de\/wp-json\/wp\/v2\/comments?post=30"}],"version-history":[{"count":17,"href":"https:\/\/horsesoffigueiras.bonsaidev.nl\/de\/wp-json\/wp\/v2\/pages\/30\/revisions"}],"predecessor-version":[{"id":359,"href":"https:\/\/horsesoffigueiras.bonsaidev.nl\/de\/wp-json\/wp\/v2\/pages\/30\/revisions\/359"}],"wp:attachment":[{"href":"https:\/\/horsesoffigueiras.bonsaidev.nl\/de\/wp-json\/wp\/v2\/media?parent=30"}],"curies":[{"name":"wp","href":"https:\/\/api.w.org\/{rel}","templated":true}]}}