{"id":28,"date":"2026-02-26T10:56:49","date_gmt":"2026-02-26T10:56:49","guid":{"rendered":"https:\/\/horsesoffigueiras.bonsaidev.nl\/?page_id=28"},"modified":"2026-02-27T14:13:06","modified_gmt":"2026-02-27T13:13:06","slug":"stallions","status":"publish","type":"page","link":"https:\/\/horsesoffigueiras.bonsaidev.nl\/es\/stallions\/","title":{"rendered":"Sementales"},"content":{"rendered":"<style type=\"text\/css\" data-created_by=\"avia_inline_auto\" id=\"style-css-av-74y3k-1ccac8ae6f9477f414479c5c79ba714e\">\n.avia-section.av-74y3k-1ccac8ae6f9477f414479c5c79ba714e{\nbackground-color:#ebe8de;\nbackground-image:unset;\n}\n<\/style>\n<div id='av_section_1'  class='avia-section av-74y3k-1ccac8ae6f9477f414479c5c79ba714e main_color avia-section-default avia-no-border-styling  avia-builder-el-0  el_before_av_section  avia-builder-el-first  avia-bg-style-scroll av-minimum-height av-minimum-height-custom av-height-custom  container_wrap fullsize'   data-av_minimum_height_px='480'><div class='container av-section-cont-open' style='height:480px'><main  role=\"main\" itemprop=\"mainContentOfPage\"  class='template-page content  av-content-full alpha units'><div class='post-entry post-entry-type-page post-entry-28'><div class='entry-content-wrapper clearfix'>\n<div  class='flex_column av-6jlw0-d7e226a99965474d3c96b048f9ad867f av_one_full  avia-builder-el-1  avia-builder-el-no-sibling  first flex_column_div'     ><p>\n<style type=\"text\/css\" data-created_by=\"avia_inline_auto\" id=\"style-css-av-mm3hnsh1-68dc192159d17f83aedce9418ec6e9d8\">\n#top .av-special-heading.av-mm3hnsh1-68dc192159d17f83aedce9418ec6e9d8{\npadding-bottom:10px;\ncolor:#1e1b2e;\nfont-size:68px;\n}\nbody .av-special-heading.av-mm3hnsh1-68dc192159d17f83aedce9418ec6e9d8 .av-special-heading-tag .heading-char{\nfont-size:25px;\n}\n#top #wrap_all .av-special-heading.av-mm3hnsh1-68dc192159d17f83aedce9418ec6e9d8 .av-special-heading-tag{\nfont-size:68px;\n}\n.av-special-heading.av-mm3hnsh1-68dc192159d17f83aedce9418ec6e9d8 .special-heading-inner-border{\nborder-color:#1e1b2e;\n}\n.av-special-heading.av-mm3hnsh1-68dc192159d17f83aedce9418ec6e9d8 .av-subheading{\nfont-size:15px;\n}\n\n@media only screen and (min-width: 480px) and (max-width: 767px){ \n#top #wrap_all .av-special-heading.av-mm3hnsh1-68dc192159d17f83aedce9418ec6e9d8 .av-special-heading-tag{\nfont-size:0.8em;\n}\n}\n\n@media only screen and (max-width: 479px){ \n#top #wrap_all .av-special-heading.av-mm3hnsh1-68dc192159d17f83aedce9418ec6e9d8 .av-special-heading-tag{\nfont-size:0.8em;\n}\n}\n<\/style>\n<div  class='av-special-heading av-mm3hnsh1-68dc192159d17f83aedce9418ec6e9d8 av-special-heading-h1 custom-color-heading blockquote modern-quote modern-centered  avia-builder-el-2  el_before_av_hr  avia-builder-el-first  av-inherit-size'><h1 class='av-special-heading-tag'  itemprop=\"headline\"  >Sementales<\/h1><div class=\"special-heading-border\"><div class=\"special-heading-inner-border\"><\/div><\/div><\/div><br \/>\n\n<style type=\"text\/css\" data-created_by=\"avia_inline_auto\" id=\"style-css-av-5oteg-d9902c9b91b7e03e7d3b02fea0afe9ed\">\n#top .hr.hr-invisible.av-5oteg-d9902c9b91b7e03e7d3b02fea0afe9ed{\nheight:25px;\n}\n<\/style>\n<div  class='hr av-5oteg-d9902c9b91b7e03e7d3b02fea0afe9ed hr-invisible  avia-builder-el-3  el_after_av_heading  el_before_av_button'><span class='hr-inner'><span class=\"hr-inner-style\"><\/span><\/span><\/div><br \/>\n<div  class='avia-button-wrap av-mm3hnx05-dc709b2f53503cb77d0b4c41fb6f4b54-wrap avia-button-center  avia-builder-el-4  el_after_av_hr  avia-builder-el-last'><a href='#stallions'  class='avia-button av-mm3hnx05-dc709b2f53503cb77d0b4c41fb6f4b54 av-link-btn avia-icon_select-no avia-size-small avia-position-center avia-color-theme-color'   aria-label=\"Ver los sementales\"><span class='avia_iconbox_title' >Ver los sementales<\/span><\/a><\/div><\/p><\/div><\/div><\/div><\/main><!-- close content main element --><\/div><\/div><div id='av_section_2'  class='avia-section av-5bgds-6756463b5c4ddabc7b400db2defd2b82 main_color avia-section-default avia-no-border-styling  avia-builder-el-5  el_after_av_section  avia-builder-el-last  avia-bg-style-scroll container_wrap fullsize'  ><div class='container av-section-cont-open' ><div class='template-page content  av-content-full alpha units'><div class='post-entry post-entry-type-page post-entry-28'><div class='entry-content-wrapper clearfix'>\n<div  class='flex_column av-4b6io-d960504c5e3dec87120d960f3255fe64 av_one_half  avia-builder-el-6  el_before_av_one_half  avia-builder-el-first  first flex_column_div'     ><section  class='av_textblock_section av-mm3ho50m-b01998474b764c401341da3f854f19ae'   itemscope=\"itemscope\" itemtype=\"https:\/\/schema.org\/CreativeWork\" ><div class='avia_textblock'  itemprop=\"text\" ><h3>La base de nuestra cr\u00eda<\/h3>\n<p>Los sementales de Figueiras no se eligen s\u00f3lo por sus papeles. Son atletas con un rendimiento demostrado y una capacidad de entrenamiento excepcional. Ya sea en la pista o en el establo, son portadores de las cualidades que hacen que el lusitano moderno sea admirado en todo el mundo.<\/p>\n<\/div><\/section><\/div><div  class='flex_column av-3p0dc-36f5d184cdfb42bc0ae6472220eab809 av_one_half  avia-builder-el-8  el_after_av_one_half  el_before_av_one_half  flex_column_div'     ><section  class='av_textblock_section av-mm3hoc8k-c2451d55b4b8a2283c88ae628c394ba6'   itemscope=\"itemscope\" itemtype=\"https:\/\/schema.org\/CreativeWork\" ><div class='avia_textblock'  itemprop=\"text\" ><h3>Pedir semen<\/h3>\n<p>Los ganaderos interesados en nuestros sementales pueden solicitar semen directamente a trav\u00e9s de esta p\u00e1gina. Previa solicitud, se facilitar\u00e1 informaci\u00f3n detallada sobre la disponibilidad, los d\u00edas de recogida y el transporte.<\/p>\n<\/div><\/section><\/div><div class='flex_column_table av-3k34s-81c33063b69028409c9ec124a3d321d5 sc-av_one_half av-equal-height-column-flextable'>\n<style type=\"text\/css\" data-created_by=\"avia_inline_auto\" id=\"style-css-av-3k34s-81c33063b69028409c9ec124a3d321d5\">\n#top .flex_column_table.av-equal-height-column-flextable.av-3k34s-81c33063b69028409c9ec124a3d321d5{\nmargin-top:30px;\nmargin-bottom:0px;\n}\n<\/style>\n<div  class='flex_column av-3k34s-81c33063b69028409c9ec124a3d321d5 av_one_half  avia-builder-el-10  el_after_av_one_half  el_before_av_one_half  first flex_column_table_cell av-equal-height-column av-align-middle  column-top-margin'     ><section  class='av_textblock_section av-mm3hoieg-335c53e5c34247103193639883227345'   itemscope=\"itemscope\" itemtype=\"https:\/\/schema.org\/CreativeWork\" ><div class='avia_textblock'  itemprop=\"text\" ><h3>Cr\u00eda con prop\u00f3sito<\/h3>\n<p>Criamos para el deporte, no para la moda. Cada cruce es una elecci\u00f3n consciente, dise\u00f1ada para mejorar la elasticidad, el ritmo y el equilibrio. Nuestro objetivo es producir Lusitanos capaces de competir al m\u00e1s alto nivel, manteniendo la noble expresi\u00f3n y temperamento de la raza.<\/p>\n<\/div><\/section><\/div><div class='av-flex-placeholder'><\/div>\n<style type=\"text\/css\" data-created_by=\"avia_inline_auto\" id=\"style-css-av-2fvr8-90eaf93db0200b73e5276a823e593232\">\n#top .flex_column_table.av-equal-height-column-flextable.av-2fvr8-90eaf93db0200b73e5276a823e593232{\nmargin-top:30px;\nmargin-bottom:0px;\n}\n.flex_column.av-2fvr8-90eaf93db0200b73e5276a823e593232{\nborder-radius:20px 20px 20px 20px;\npadding:50px 30px 50px 30px;\nbackground-color:#1e1b2e;\n}\n<\/style>\n<div  class='flex_column av-2fvr8-90eaf93db0200b73e5276a823e593232 av_one_half  avia-builder-el-12  el_after_av_one_half  el_before_av_one_full  flex_column_table_cell av-equal-height-column av-align-middle  column-top-margin'     ><style type=\"text\/css\" data-created_by=\"avia_inline_auto\" id=\"style-css-av-mm3hoooy-55b479cf9b92068f5c88c9acbaaa1608\">\n#top .av-special-heading.av-mm3hoooy-55b479cf9b92068f5c88c9acbaaa1608{\npadding-bottom:10px;\ncolor:#a79680;\n}\nbody .av-special-heading.av-mm3hoooy-55b479cf9b92068f5c88c9acbaaa1608 .av-special-heading-tag .heading-char{\nfont-size:25px;\n}\n.av-special-heading.av-mm3hoooy-55b479cf9b92068f5c88c9acbaaa1608 .special-heading-inner-border{\nborder-color:#a79680;\n}\n.av-special-heading.av-mm3hoooy-55b479cf9b92068f5c88c9acbaaa1608 .av-subheading{\nfont-size:18px;\ncolor:#ebe8de;\n}\n<\/style>\n<div  class='av-special-heading av-mm3hoooy-55b479cf9b92068f5c88c9acbaaa1608 av-special-heading-h4 custom-color-heading blockquote modern-quote  avia-builder-el-13  avia-builder-el-no-sibling'><h4 class='av-special-heading-tag'  itemprop=\"headline\"  >C\u00f3mo encargar semen<\/h4><div class='av_custom_color av-subheading av-subheading_below'><p>Cuando visite la p\u00e1gina del semental, podr\u00e1 rellenar un formulario para pedir semen de ese semental en concreto. A continuaci\u00f3n encontrar\u00e1 nuestros sementales.<\/p>\n<\/div><div class=\"special-heading-border\"><div class=\"special-heading-inner-border\"><\/div><\/div><\/div><\/div><\/div><!--close column table wrapper. Autoclose: 1 -->\n<style type=\"text\/css\" data-created_by=\"avia_inline_auto\" id=\"style-css-av-7pc4-bc9f17917b700fbac00e81aa0d9d0779\">\n#top .flex_column.av-7pc4-bc9f17917b700fbac00e81aa0d9d0779{\nmargin-top:140px;\nmargin-bottom:0px;\n}\n.responsive #top #wrap_all .flex_column.av-7pc4-bc9f17917b700fbac00e81aa0d9d0779{\nmargin-top:140px;\nmargin-bottom:0px;\n}\n<\/style>\n<div  id=\"stallions\"  class='flex_column av-7pc4-bc9f17917b700fbac00e81aa0d9d0779 av_one_full  avia-builder-el-14  el_after_av_one_half  avia-builder-el-last  first flex_column_div  column-top-margin'     ><p><section  class='av_textblock_section av-mm3hotzz-780c675be690c197b0278c186dd61d2e'   itemscope=\"itemscope\" itemtype=\"https:\/\/schema.org\/CreativeWork\" ><div class='avia_textblock titel-icon'  itemprop=\"text\" ><p><img loading=\"lazy\" decoding=\"async\" class=\"wp-image-84 aligncenter\" src=\"https:\/\/horsesoffigueiras.bonsaidev.nl\/wp-content\/uploads\/2026\/02\/icon.png\" alt=\"\" width=\"24\" height=\"38\" \/><\/p>\n<h1 style=\"text-align: center;\">Nuestros sementales<\/h1>\n<\/div><\/section><br \/>\n\n<style type=\"text\/css\" data-created_by=\"avia_inline_auto\" id=\"style-css-av-1bq00-1b6dbb61ff3c781b75b3198a571417e8\">\n#top .hr.hr-invisible.av-1bq00-1b6dbb61ff3c781b75b3198a571417e8{\nheight:15px;\n}\n<\/style>\n<div  class='hr av-1bq00-1b6dbb61ff3c781b75b3198a571417e8 hr-invisible  avia-builder-el-16  el_after_av_textblock  el_before_av_codeblock'><span class='hr-inner'><span class=\"hr-inner-style\"><\/span><\/span><\/div><br \/>\n<\/p><\/div><\/p>","protected":false},"excerpt":{"rendered":"","protected":false},"author":1,"featured_media":0,"parent":0,"menu_order":0,"comment_status":"closed","ping_status":"closed","template":"","meta":{"_acf_changed":false,"footnotes":""},"class_list":["post-28","page","type-page","status-publish","hentry"],"acf":[],"_links":{"self":[{"href":"https:\/\/horsesoffigueiras.bonsaidev.nl\/es\/wp-json\/wp\/v2\/pages\/28","targetHints":{"allow":["GET"]}}],"collection":[{"href":"https:\/\/horsesoffigueiras.bonsaidev.nl\/es\/wp-json\/wp\/v2\/pages"}],"about":[{"href":"https:\/\/horsesoffigueiras.bonsaidev.nl\/es\/wp-json\/wp\/v2\/types\/page"}],"author":[{"embeddable":true,"href":"https:\/\/horsesoffigueiras.bonsaidev.nl\/es\/wp-json\/wp\/v2\/users\/1"}],"replies":[{"embeddable":true,"href":"https:\/\/horsesoffigueiras.bonsaidev.nl\/es\/wp-json\/wp\/v2\/comments?post=28"}],"version-history":[{"count":6,"href":"https:\/\/horsesoffigueiras.bonsaidev.nl\/es\/wp-json\/wp\/v2\/pages\/28\/revisions"}],"predecessor-version":[{"id":89,"href":"https:\/\/horsesoffigueiras.bonsaidev.nl\/es\/wp-json\/wp\/v2\/pages\/28\/revisions\/89"}],"wp:attachment":[{"href":"https:\/\/horsesoffigueiras.bonsaidev.nl\/es\/wp-json\/wp\/v2\/media?parent=28"}],"curies":[{"name":"wp","href":"https:\/\/api.w.org\/{rel}","templated":true}]}}