{"id":30,"date":"2026-02-26T10:56:55","date_gmt":"2026-02-26T10:56:55","guid":{"rendered":"https:\/\/horsesoffigueiras.bonsaidev.nl\/?page_id=30"},"modified":"2026-03-25T11:05:22","modified_gmt":"2026-03-25T10:05:22","slug":"studfarm","status":"publish","type":"page","link":"https:\/\/horsesoffigueiras.bonsaidev.nl\/es\/studfarm\/","title":{"rendered":"Yeguada"},"content":{"rendered":"<style type=\"text\/css\" data-created_by=\"avia_inline_auto\" id=\"style-css-av-4vrey-154c7784aa4c1dafc565bdacb062b195\">\n.avia-section.av-4vrey-154c7784aa4c1dafc565bdacb062b195{\nbackground-color:#ebe8de;\nbackground-image:unset;\n}\n<\/style>\n<div id='av_section_1'  class='avia-section av-4vrey-154c7784aa4c1dafc565bdacb062b195 main_color avia-section-default avia-no-border-styling  avia-builder-el-0  el_before_av_section  avia-builder-el-first  avia-bg-style-scroll av-minimum-height av-minimum-height-custom av-height-custom  container_wrap fullsize'   data-av_minimum_height_px='480'><div class='container av-section-cont-open' style='height:480px'><main  role=\"main\" itemprop=\"mainContentOfPage\"  class='template-page content  av-content-full alpha units'><div class='post-entry post-entry-type-page post-entry-30'><div class='entry-content-wrapper clearfix'>\n<div  class='flex_column av-4eu02-1cdeeccf5a7e828960051650dd392238 av_one_full  avia-builder-el-1  avia-builder-el-no-sibling  first flex_column_div'     ><style type=\"text\/css\" data-created_by=\"avia_inline_auto\" id=\"style-css-av-mm3hsw2m-e173fc86c6f373556870ba7097719b80\">\n#top .av-special-heading.av-mm3hsw2m-e173fc86c6f373556870ba7097719b80{\npadding-bottom:10px;\ncolor:#1e1b2e;\nfont-size:68px;\n}\nbody .av-special-heading.av-mm3hsw2m-e173fc86c6f373556870ba7097719b80 .av-special-heading-tag .heading-char{\nfont-size:25px;\n}\n#top #wrap_all .av-special-heading.av-mm3hsw2m-e173fc86c6f373556870ba7097719b80 .av-special-heading-tag{\nfont-size:68px;\n}\n.av-special-heading.av-mm3hsw2m-e173fc86c6f373556870ba7097719b80 .special-heading-inner-border{\nborder-color:#1e1b2e;\n}\n.av-special-heading.av-mm3hsw2m-e173fc86c6f373556870ba7097719b80 .av-subheading{\nfont-size:15px;\n}\n\n@media only screen and (min-width: 480px) and (max-width: 767px){ \n#top #wrap_all .av-special-heading.av-mm3hsw2m-e173fc86c6f373556870ba7097719b80 .av-special-heading-tag{\nfont-size:0.8em;\n}\n}\n\n@media only screen and (max-width: 479px){ \n#top #wrap_all .av-special-heading.av-mm3hsw2m-e173fc86c6f373556870ba7097719b80 .av-special-heading-tag{\nfont-size:0.8em;\n}\n}\n<\/style>\n<div  class='av-special-heading av-mm3hsw2m-e173fc86c6f373556870ba7097719b80 av-special-heading-h1 custom-color-heading blockquote modern-quote modern-centered  avia-builder-el-2  avia-builder-el-no-sibling  av-inherit-size'><h1 class='av-special-heading-tag'  itemprop=\"headline\"  >Yeguada<\/h1><div class=\"special-heading-border\"><div class=\"special-heading-inner-border\"><\/div><\/div><\/div><\/div>\n\n<\/div><\/div><\/main><!-- close content main element --><\/div><\/div><div id='av_section_2'  class='avia-section av-3xyle-c5a5425f6bfce9b6bc69473b8ce27588 main_color avia-section-default avia-no-border-styling  avia-builder-el-3  el_after_av_section  el_before_av_layout_row  avia-bg-style-scroll container_wrap fullsize'  ><div class='container av-section-cont-open' ><div class='template-page content  av-content-full alpha units'><div class='post-entry post-entry-type-page post-entry-30'><div class='entry-content-wrapper clearfix'>\n<div  class='flex_column av-32j6u-9397957857b7cb13ecd83bdc417ab705 av_one_fifth  avia-builder-el-4  el_before_av_three_fifth  avia-builder-el-first  first flex_column_div'     ><\/div><div  class='flex_column av-2xf5u-85ef27ff98fbf2a067fc895697882206 av_three_fifth  avia-builder-el-5  el_after_av_one_fifth  el_before_av_one_fifth  flex_column_div'     ><section  class='av_textblock_section av-2atcm-2721e9ed9cf6b4a7c61e3a3d2b3e4e55'   itemscope=\"itemscope\" itemtype=\"https:\/\/schema.org\/CreativeWork\" ><div class='avia_textblock'  itemprop=\"text\" ><h2>Un legado basado en la dedicaci\u00f3n<\/h2>\n<p><span class=\"intro\">Fundada en 2000, Horses of Figueiras se cre\u00f3 con una clara ambici\u00f3n: criar lusitanos capaces de competir en los m\u00e1s altos niveles del deporte moderno, preservando al mismo tiempo el alma de la raza. Desde entonces, la yeguada se ha convertido en un referente de calidad, produciendo caballos conocidos por su equilibrio, elasticidad y excepcional manejabilidad.<\/span><\/p>\n<p>Una de las principales diferencias en el proceso de selecci\u00f3n de yeguas en casa era que todas ellas se somet\u00edan a pruebas exhaustivas (complexi\u00f3n f\u00edsica, paso, trote, galope, funcionalidad y capacidad de carga), evaluadas en diversas \u00e1reas, tanto en doma como con arneses. Este seguimiento permiti\u00f3 observar su verdadero potencial. Las yeguas que no cumpl\u00edan las expectativas en estas pruebas eran rechazadas.<\/p>\n<\/div><\/section><\/div><div  class='flex_column av-1ihtu-1b899fe1f36995fd3a2c6bf5d05a5982 av_one_fifth  avia-builder-el-7  el_after_av_three_fifth  el_before_av_two_fifth  flex_column_div'     ><\/div><div class='flex_column_table av-mm3hwuu7-db3db6c8fa2cafb44b3e70653581d0e2 sc-av_two_fifth av-equal-height-column-flextable'>\n<style type=\"text\/css\" data-created_by=\"avia_inline_auto\" id=\"style-css-av-mm3hwuu7-db3db6c8fa2cafb44b3e70653581d0e2\">\n.flex_column.av-mm3hwuu7-db3db6c8fa2cafb44b3e70653581d0e2{\nwidth:35.2%;\nmargin-left:0;\n}\n#top .flex_column_table.av-equal-height-column-flextable.av-mm3hwuu7-db3db6c8fa2cafb44b3e70653581d0e2 .av-flex-placeholder{\nwidth:8%;\n}\n<\/style>\n<div  class='flex_column av-mm3hwuu7-db3db6c8fa2cafb44b3e70653581d0e2 av_two_fifth  avia-builder-el-8  el_after_av_one_fifth  el_before_av_three_fifth  first flex_column_table_cell av-equal-height-column av-align-middle  column-top-margin'     ><style type=\"text\/css\" data-created_by=\"avia_inline_auto\" id=\"style-css-av-mm3hvha5-643ab806b4bf73c52d0c314b74c25332\">\n.avia-image-container.av-mm3hvha5-643ab806b4bf73c52d0c314b74c25332 img.avia_image{\nbox-shadow:none;\n}\n.avia-image-container.av-mm3hvha5-643ab806b4bf73c52d0c314b74c25332 .av-image-caption-overlay-center{\ncolor:#ffffff;\n}\n<\/style>\n<div  class='avia-image-container av-mm3hvha5-643ab806b4bf73c52d0c314b74c25332 av-styling- avia-align-center  avia-builder-el-9  avia-builder-el-no-sibling'   itemprop=\"image\" itemscope=\"itemscope\" itemtype=\"https:\/\/schema.org\/ImageObject\" ><div class=\"avia-image-container-inner\"><div class=\"avia-image-overlay-wrap\"><img decoding=\"async\" fetchpriority=\"high\" class='wp-image-362 avia-img-lazy-loading-not-362 avia_image' src=\"https:\/\/horsesoffigueiras.bonsaidev.nl\/wp-content\/uploads\/2026\/03\/figeuiras-scaled.jpg\" alt='' title='figeuiras'  height=\"1707\" width=\"2560\"  itemprop=\"thumbnailUrl\" srcset=\"https:\/\/horsesoffigueiras.bonsaidev.nl\/wp-content\/uploads\/2026\/03\/figeuiras-scaled.jpg 2560w, https:\/\/horsesoffigueiras.bonsaidev.nl\/wp-content\/uploads\/2026\/03\/figeuiras-300x200.jpg 300w, https:\/\/horsesoffigueiras.bonsaidev.nl\/wp-content\/uploads\/2026\/03\/figeuiras-1030x687.jpg 1030w, https:\/\/horsesoffigueiras.bonsaidev.nl\/wp-content\/uploads\/2026\/03\/figeuiras-768x512.jpg 768w, https:\/\/horsesoffigueiras.bonsaidev.nl\/wp-content\/uploads\/2026\/03\/figeuiras-1536x1024.jpg 1536w, https:\/\/horsesoffigueiras.bonsaidev.nl\/wp-content\/uploads\/2026\/03\/figeuiras-2048x1365.jpg 2048w, https:\/\/horsesoffigueiras.bonsaidev.nl\/wp-content\/uploads\/2026\/03\/figeuiras-18x12.jpg 18w, https:\/\/horsesoffigueiras.bonsaidev.nl\/wp-content\/uploads\/2026\/03\/figeuiras-1500x1000.jpg 1500w, https:\/\/horsesoffigueiras.bonsaidev.nl\/wp-content\/uploads\/2026\/03\/figeuiras-705x470.jpg 705w\" sizes=\"(max-width: 2560px) 100vw, 2560px\" \/><\/div><\/div><\/div><\/div><div class='av-flex-placeholder'><\/div>\n<style type=\"text\/css\" data-created_by=\"avia_inline_auto\" id=\"style-css-av-13zaq-baedad96d19fcf0eeba42bdaf854f6e7\">\n.flex_column.av-13zaq-baedad96d19fcf0eeba42bdaf854f6e7{\nwidth:56.8%;\nmargin-left:0;\n}\n#top .flex_column_table.av-equal-height-column-flextable.av-13zaq-baedad96d19fcf0eeba42bdaf854f6e7 .av-flex-placeholder{\nwidth:8%;\n}\n<\/style>\n<div  class='flex_column av-13zaq-baedad96d19fcf0eeba42bdaf854f6e7 av_three_fifth  avia-builder-el-10  el_after_av_two_fifth  el_before_av_two_fifth  flex_column_table_cell av-equal-height-column av-align-middle  column-top-margin'     ><section  class='av_textblock_section av-mm3htoh5-28e9e58ff2139c946e57f06e29ec4f9d'   itemscope=\"itemscope\" itemtype=\"https:\/\/schema.org\/CreativeWork\" ><div class='avia_textblock'  itemprop=\"text\" ><h2>Nuestras yeguas - el coraz\u00f3n de Figueiras<\/h2>\n<p>Las yeguas de cr\u00eda Figueiras forman la columna vertebral gen\u00e9tica de nuestro programa de cr\u00eda. Cuidadosamente seleccionadas de fuertes l\u00edneas de sangre portuguesas, estas yeguas transmiten la potencia, el tipo y la expresi\u00f3n que definen el sello Figueiras. Cada generaci\u00f3n es evaluada no s\u00f3lo por el pedigr\u00ed, sino tambi\u00e9n por el rendimiento y el movimiento, lo que garantiza un progreso constante y de calidad.<\/p>\n<\/div><\/section><br \/>\n\n<style type=\"text\/css\" data-created_by=\"avia_inline_auto\" id=\"style-css-av-mm3hxf8h-bf13ad80ff5639f29a96b58deaaa65da\">\n#top .hr.hr-invisible.av-mm3hxf8h-bf13ad80ff5639f29a96b58deaaa65da{\nheight:15px;\n}\n<\/style>\n<div  class='hr av-mm3hxf8h-bf13ad80ff5639f29a96b58deaaa65da hr-invisible  avia-builder-el-12  el_after_av_textblock  el_before_av_button'><span class='hr-inner'><span class=\"hr-inner-style\"><\/span><\/span><\/div><br \/>\n<div  class='avia-button-wrap av-mm3hw65g-e29816759b852d8e54cbf8670c648263-wrap avia-button-left  avia-builder-el-13  el_after_av_hr  avia-builder-el-last'><a href='https:\/\/horsesoffigueiras.bonsaidev.nl\/es\/sales-horses\/?_categorie_button=mares#horses'  class='avia-button av-mm3hw65g-e29816759b852d8e54cbf8670c648263 av-link-btn avia-icon_select-no avia-size-small avia-position-left avia-color-theme-color'   aria-label=\"Ver nuestras yeguas\"><span class='avia_iconbox_title' >Ver nuestras yeguas<\/span><\/a><\/div><\/p><\/div><\/div><!--close column table wrapper. Autoclose: 1 --><div class='flex_column_table av-2vpa2-7a5deb946d6c41785e6b29bae905b665 sc-av_two_fifth av-equal-height-column-flextable'>\n<style type=\"text\/css\" data-created_by=\"avia_inline_auto\" id=\"style-css-av-2vpa2-7a5deb946d6c41785e6b29bae905b665\">\n#top .flex_column_table.av-equal-height-column-flextable.av-2vpa2-7a5deb946d6c41785e6b29bae905b665{\nmargin-top:80px;\nmargin-bottom:0px;\n}\n.flex_column.av-2vpa2-7a5deb946d6c41785e6b29bae905b665{\nwidth:35.2%;\nmargin-left:0;\n}\n#top .flex_column_table.av-equal-height-column-flextable.av-2vpa2-7a5deb946d6c41785e6b29bae905b665 .av-flex-placeholder{\nwidth:8%;\n}\n<\/style>\n<div  class='flex_column av-2vpa2-7a5deb946d6c41785e6b29bae905b665 av_two_fifth  avia-builder-el-14  el_after_av_three_fifth  el_before_av_three_fifth  first flex_column_table_cell av-equal-height-column av-align-middle'     ><style type=\"text\/css\" data-created_by=\"avia_inline_auto\" id=\"style-css-av-1yzfa-d0ed102f5c38e34c66c5ed98a3a8c9b1\">\n.avia-image-container.av-1yzfa-d0ed102f5c38e34c66c5ed98a3a8c9b1 img.avia_image{\nbox-shadow:none;\n}\n.avia-image-container.av-1yzfa-d0ed102f5c38e34c66c5ed98a3a8c9b1 .av-image-caption-overlay-center{\ncolor:#ffffff;\n}\n<\/style>\n<div  class='avia-image-container av-1yzfa-d0ed102f5c38e34c66c5ed98a3a8c9b1 av-styling- avia-align-center  avia-builder-el-15  avia-builder-el-no-sibling'   itemprop=\"image\" itemscope=\"itemscope\" itemtype=\"https:\/\/schema.org\/ImageObject\" ><div class=\"avia-image-container-inner\"><div class=\"avia-image-overlay-wrap\"><img decoding=\"async\" fetchpriority=\"high\" class='wp-image-365 avia-img-lazy-loading-not-365 avia_image' src=\"https:\/\/horsesoffigueiras.bonsaidev.nl\/wp-content\/uploads\/2026\/03\/4M0A9844.jpg.jpg\" alt='' title='4M0A9844.jpg'  height=\"1200\" width=\"1500\"  itemprop=\"thumbnailUrl\" srcset=\"https:\/\/horsesoffigueiras.bonsaidev.nl\/wp-content\/uploads\/2026\/03\/4M0A9844.jpg.jpg 1500w, https:\/\/horsesoffigueiras.bonsaidev.nl\/wp-content\/uploads\/2026\/03\/4M0A9844.jpg-300x240.jpg 300w, https:\/\/horsesoffigueiras.bonsaidev.nl\/wp-content\/uploads\/2026\/03\/4M0A9844.jpg-1030x824.jpg 1030w, https:\/\/horsesoffigueiras.bonsaidev.nl\/wp-content\/uploads\/2026\/03\/4M0A9844.jpg-768x614.jpg 768w, https:\/\/horsesoffigueiras.bonsaidev.nl\/wp-content\/uploads\/2026\/03\/4M0A9844.jpg-15x12.jpg 15w, https:\/\/horsesoffigueiras.bonsaidev.nl\/wp-content\/uploads\/2026\/03\/4M0A9844.jpg-705x564.jpg 705w\" sizes=\"(max-width: 1500px) 100vw, 1500px\" \/><\/div><\/div><\/div><\/div><div class='av-flex-placeholder'><\/div>\n<style type=\"text\/css\" data-created_by=\"avia_inline_auto\" id=\"style-css-av-1krum-e7510c389c29ff1a22aa8ad564c557b9\">\n#top .flex_column_table.av-equal-height-column-flextable.av-1krum-e7510c389c29ff1a22aa8ad564c557b9{\nmargin-top:80px;\nmargin-bottom:0px;\n}\n.flex_column.av-1krum-e7510c389c29ff1a22aa8ad564c557b9{\nwidth:56.8%;\nmargin-left:0;\n}\n#top .flex_column_table.av-equal-height-column-flextable.av-1krum-e7510c389c29ff1a22aa8ad564c557b9 .av-flex-placeholder{\nwidth:8%;\n}\n<\/style>\n<div  class='flex_column av-1krum-e7510c389c29ff1a22aa8ad564c557b9 av_three_fifth  avia-builder-el-16  el_after_av_two_fifth  el_before_av_one_fifth  flex_column_table_cell av-equal-height-column av-align-middle'     ><section  class='av_textblock_section av-2ub4i-c5dda9039547e5a246d97a1e4e399214'   itemscope=\"itemscope\" itemtype=\"https:\/\/schema.org\/CreativeWork\" ><div class='avia_textblock'  itemprop=\"text\" ><h2>Nuestros sementales: fuerza, car\u00e1cter y alcance<\/h2>\n<p>Los sementales de Figueiras representan lo mejor de nuestra cr\u00eda. Probados en el deporte y seleccionados por su conformaci\u00f3n, movimiento y temperamento, est\u00e1n disponibles para la cr\u00eda con yeguas aprobadas. El perfil de cada semental incluye fotos detalladas, resultados y disponibilidad de semen.<\/p>\n<h4>Pedir semen de calidad<\/h4>\n<p>Cuando visite la p\u00e1gina del semental, podr\u00e1 rellenar un formulario para pedir semen de ese semental en concreto.<\/p>\n<\/div><\/section><br \/>\n\n<style type=\"text\/css\" data-created_by=\"avia_inline_auto\" id=\"style-css-av-3hby-7ce62c7e6b80af7ecafe325aebb38d4d\">\n#top .hr.hr-invisible.av-3hby-7ce62c7e6b80af7ecafe325aebb38d4d{\nheight:15px;\n}\n<\/style>\n<div  class='hr av-3hby-7ce62c7e6b80af7ecafe325aebb38d4d hr-invisible  avia-builder-el-18  el_after_av_textblock  el_before_av_button'><span class='hr-inner'><span class=\"hr-inner-style\"><\/span><\/span><\/div><br \/>\n<div  class='avia-button-wrap av-mm3hzkuh-801a9600d13945b549e4d16701d61a93-wrap avia-button-left  avia-builder-el-19  el_after_av_hr  avia-builder-el-last'><a href='https:\/\/horsesoffigueiras.bonsaidev.nl\/es\/sales-horses\/?_categorie_button=stallions#horses'  class='avia-button av-mm3hzkuh-801a9600d13945b549e4d16701d61a93 av-link-btn avia-icon_select-no avia-size-small avia-position-left avia-color-theme-color'   aria-label=\"Ver nuestros sementales\"><span class='avia_iconbox_title' >Ver nuestros sementales<\/span><\/a><\/div><\/p><\/div><\/div><!--close column table wrapper. Autoclose: 1 -->\n<style type=\"text\/css\" data-created_by=\"avia_inline_auto\" id=\"style-css-av-25sy6-3c52268b5ba4707eb22eeb1b72843f8e\">\n#top .flex_column.av-25sy6-3c52268b5ba4707eb22eeb1b72843f8e{\nmargin-top:80px;\n}\n.responsive #top #wrap_all .flex_column.av-25sy6-3c52268b5ba4707eb22eeb1b72843f8e{\nmargin-top:80px;\n}\n<\/style>\n<div  class='flex_column av-25sy6-3c52268b5ba4707eb22eeb1b72843f8e av_one_fifth  avia-builder-el-20  el_after_av_three_fifth  el_before_av_three_fifth  first flex_column_div'     ><\/div>\n<style type=\"text\/css\" data-created_by=\"avia_inline_auto\" id=\"style-css-av-53cu-b385a9fc591512a3ea9e3cd0bce96e4e\">\n#top .flex_column.av-53cu-b385a9fc591512a3ea9e3cd0bce96e4e{\nmargin-top:80px;\n}\n.responsive #top #wrap_all .flex_column.av-53cu-b385a9fc591512a3ea9e3cd0bce96e4e{\nmargin-top:80px;\n}\n<\/style>\n<div  class='flex_column av-53cu-b385a9fc591512a3ea9e3cd0bce96e4e av_three_fifth  avia-builder-el-21  el_after_av_one_fifth  el_before_av_one_fifth  flex_column_div'     ><section  class='av_textblock_section av-mm3hzf1g-562fa380ce7d75952043b029fcb6df9a'   itemscope=\"itemscope\" itemtype=\"https:\/\/schema.org\/CreativeWork\" ><div class='avia_textblock'  itemprop=\"text\" ><h2>De la cr\u00eda al deporte y la venta<\/h2>\n<p><span class=\"intro\">Cada caballo nacido en Figueiras se cr\u00eda con un objetivo: alcanzar todo su potencial, ya sea como futuro caballo de deporte o como compa\u00f1ero de confianza de un jinete entregado. Desde sus primeros pasos en el prado hasta sus primeras sesiones de entrenamiento a caballo, nuestros caballos j\u00f3venes son guiados por profesionales experimentados.<\/span><\/p>\n<p>Se eval\u00faan los movimientos, el temperamento y la capacidad de adiestramiento de cada uno de ellos. S\u00f3lo los caballos m\u00e1s prometedores contin\u00faan en el deporte o se ponen a la venta. Esta cuidadosa selecci\u00f3n asegura que cada caballo Figueiras representa lo mejor de nuestra filosof\u00eda de cr\u00eda - atl\u00e9tico, voluntarioso y elegante. Nuestra colecci\u00f3n de ventas refleja m\u00e1s de dos d\u00e9cadas de consistencia y refinamiento. Muchos de nuestros caballos han competido internacionalmente o se han convertido en compa\u00f1eros apreciados por jinetes de toda Europa.<\/p>\n<\/div><\/section><br \/>\n\n<style type=\"text\/css\" data-created_by=\"avia_inline_auto\" id=\"style-css-av-zuua-fd67aaf38e22bcd485e766a3a154795f\">\n#top .hr.hr-invisible.av-zuua-fd67aaf38e22bcd485e766a3a154795f{\nheight:15px;\n}\n<\/style>\n<div  class='hr av-zuua-fd67aaf38e22bcd485e766a3a154795f hr-invisible  avia-builder-el-23  el_after_av_textblock  el_before_av_buttonrow'><span class='hr-inner'><span class=\"hr-inner-style\"><\/span><\/span><\/div><br \/>\n<div  class='avia-buttonrow-wrap av-mm3i38ut-d8d43fb0663b70e0a8d7995dd5a8684c avia-buttonrow-left  avia-builder-el-24  el_after_av_hr  avia-builder-el-last'>\n\n<style type=\"text\/css\" data-created_by=\"avia_inline_auto\" id=\"style-css-av-mm3i2ydb-03e80c4ba626bb6344f22f5f318a8e48\">\n#top #wrap_all .avia-button.av-mm3i2ydb-03e80c4ba626bb6344f22f5f318a8e48{\nmargin-bottom:20px;\nmargin-right:20px;\n}\n<\/style>\n<a href='https:\/\/horsesoffigueiras.bonsaidev.nl\/es\/sales-horses\/?_categorie_button=mares#horses'  class='avia-button av-mm3i2ydb-03e80c4ba626bb6344f22f5f318a8e48 avia-icon_select-no avia-size-small avia-color-theme-color'   aria-label=\"Ver nuestras yeguas\"><span class='avia_iconbox_title' >Ver nuestras yeguas<\/span><\/a>\n\n<style type=\"text\/css\" data-created_by=\"avia_inline_auto\" id=\"style-css-av-mm3i33jt-9edca95bb754fdffcf6f9ebecd388649\">\n#top #wrap_all .avia-button.av-mm3i33jt-9edca95bb754fdffcf6f9ebecd388649{\nmargin-bottom:20px;\nmargin-right:20px;\n}\n<\/style>\n<a href='https:\/\/horsesoffigueiras.bonsaidev.nl\/es\/sales-horses\/?_categorie_button=stallions#horses'  class='avia-button av-mm3i33jt-9edca95bb754fdffcf6f9ebecd388649 avia-icon_select-no avia-size-small avia-color-theme-color'   aria-label=\"Ver nuestros sementales\"><span class='avia_iconbox_title' >Ver nuestros sementales<\/span><\/a>\n<\/div><\/p><\/div>\n<style type=\"text\/css\" data-created_by=\"avia_inline_auto\" id=\"style-css-av-t7ke-d1e20587ac09f21b4476531d288a7b71\">\n#top .flex_column.av-t7ke-d1e20587ac09f21b4476531d288a7b71{\nmargin-top:80px;\n}\n.responsive #top #wrap_all .flex_column.av-t7ke-d1e20587ac09f21b4476531d288a7b71{\nmargin-top:80px;\n}\n<\/style>\n<div  class='flex_column av-t7ke-d1e20587ac09f21b4476531d288a7b71 av_one_fifth  avia-builder-el-25  el_after_av_three_fifth  avia-builder-el-last  flex_column_div'     ><\/div><\/div><\/div><\/div><!-- close content main div --><\/div><\/div><div id='av-layout-grid-1'  class='av-layout-grid-container av-7w4m-be43f4a0cf0c6ca5d0f0a3d0d2c950c0 entry-content-wrapper main_color av-flex-cells  avia-builder-el-26  el_after_av_section  avia-builder-el-last  grid-row-not-first  container_wrap fullsize'  >\n\n<style type=\"text\/css\" data-created_by=\"avia_inline_auto\" id=\"style-css-av-1imzy-65122da1bd240f10185b3ef4d56c9611\">\n.flex_cell.av-1imzy-65122da1bd240f10185b3ef4d56c9611{\nvertical-align:top;\nbackground-color:#1e1b2e;\n}\n.responsive #top #wrap_all .flex_cell.av-1imzy-65122da1bd240f10185b3ef4d56c9611{\npadding:160px 0px 120px 0px !important;\n}\n<\/style>\n<div class='flex_cell av-1imzy-65122da1bd240f10185b3ef4d56c9611 av-gridrow-cell av_one_full no_margin  avia-builder-el-27  avia-builder-el-no-sibling  content-align-top'  ><div class='flex_cell_inner'>\n<\/div><\/div>\n<\/div><\/p>","protected":false},"excerpt":{"rendered":"","protected":false},"author":1,"featured_media":0,"parent":0,"menu_order":0,"comment_status":"closed","ping_status":"closed","template":"","meta":{"_acf_changed":false,"footnotes":""},"class_list":["post-30","page","type-page","status-publish","hentry"],"acf":[],"_links":{"self":[{"href":"https:\/\/horsesoffigueiras.bonsaidev.nl\/es\/wp-json\/wp\/v2\/pages\/30","targetHints":{"allow":["GET"]}}],"collection":[{"href":"https:\/\/horsesoffigueiras.bonsaidev.nl\/es\/wp-json\/wp\/v2\/pages"}],"about":[{"href":"https:\/\/horsesoffigueiras.bonsaidev.nl\/es\/wp-json\/wp\/v2\/types\/page"}],"author":[{"embeddable":true,"href":"https:\/\/horsesoffigueiras.bonsaidev.nl\/es\/wp-json\/wp\/v2\/users\/1"}],"replies":[{"embeddable":true,"href":"https:\/\/horsesoffigueiras.bonsaidev.nl\/es\/wp-json\/wp\/v2\/comments?post=30"}],"version-history":[{"count":17,"href":"https:\/\/horsesoffigueiras.bonsaidev.nl\/es\/wp-json\/wp\/v2\/pages\/30\/revisions"}],"predecessor-version":[{"id":359,"href":"https:\/\/horsesoffigueiras.bonsaidev.nl\/es\/wp-json\/wp\/v2\/pages\/30\/revisions\/359"}],"wp:attachment":[{"href":"https:\/\/horsesoffigueiras.bonsaidev.nl\/es\/wp-json\/wp\/v2\/media?parent=30"}],"curies":[{"name":"wp","href":"https:\/\/api.w.org\/{rel}","templated":true}]}}