{"id":32,"date":"2026-02-26T10:57:19","date_gmt":"2026-02-26T10:57:19","guid":{"rendered":"https:\/\/horsesoffigueiras.bonsaidev.nl\/?page_id=32"},"modified":"2026-03-16T18:28:22","modified_gmt":"2026-03-16T17:28:22","slug":"sport-results","status":"publish","type":"page","link":"https:\/\/horsesoffigueiras.bonsaidev.nl\/es\/sport-results\/","title":{"rendered":"Resultados deportivos"},"content":{"rendered":"<style type=\"text\/css\" data-created_by=\"avia_inline_auto\" id=\"style-css-av-dt64-8d58edd2999b7c66f0a52f87960869e9\">\n.avia-section.av-dt64-8d58edd2999b7c66f0a52f87960869e9{\nbackground-color:#ebe8de;\nbackground-image:unset;\n}\n<\/style>\n<div id='av_section_1'  class='avia-section av-dt64-8d58edd2999b7c66f0a52f87960869e9 main_color avia-section-default avia-no-border-styling  avia-builder-el-0  el_before_av_section  avia-builder-el-first  avia-bg-style-scroll av-minimum-height av-minimum-height-custom av-height-custom  container_wrap fullsize'   data-av_minimum_height_px='480'><div class='container av-section-cont-open' style='height:480px'><main  role=\"main\" itemprop=\"mainContentOfPage\"  class='template-page content  av-content-full alpha units'><div class='post-entry post-entry-type-page post-entry-32'><div class='entry-content-wrapper clearfix'>\n<div  class='flex_column av-37zso-b612e5c4ac99c407c862f7d61dae30c7 av_one_full  avia-builder-el-1  avia-builder-el-no-sibling  first flex_column_div'     ><p>\n<style type=\"text\/css\" data-created_by=\"avia_inline_auto\" id=\"style-css-av-mm3icfy1-5d874d0cad7f214aa924aab9a242e33a\">\n#top .av-special-heading.av-mm3icfy1-5d874d0cad7f214aa924aab9a242e33a{\npadding-bottom:10px;\ncolor:#1e1b2e;\nfont-size:68px;\n}\nbody .av-special-heading.av-mm3icfy1-5d874d0cad7f214aa924aab9a242e33a .av-special-heading-tag .heading-char{\nfont-size:25px;\n}\n#top #wrap_all .av-special-heading.av-mm3icfy1-5d874d0cad7f214aa924aab9a242e33a .av-special-heading-tag{\nfont-size:68px;\n}\n.av-special-heading.av-mm3icfy1-5d874d0cad7f214aa924aab9a242e33a .special-heading-inner-border{\nborder-color:#1e1b2e;\n}\n.av-special-heading.av-mm3icfy1-5d874d0cad7f214aa924aab9a242e33a .av-subheading{\nfont-size:15px;\n}\n\n@media only screen and (min-width: 480px) and (max-width: 767px){ \n#top #wrap_all .av-special-heading.av-mm3icfy1-5d874d0cad7f214aa924aab9a242e33a .av-special-heading-tag{\nfont-size:0.8em;\n}\n}\n\n@media only screen and (max-width: 479px){ \n#top #wrap_all .av-special-heading.av-mm3icfy1-5d874d0cad7f214aa924aab9a242e33a .av-special-heading-tag{\nfont-size:0.8em;\n}\n}\n<\/style>\n<div  class='av-special-heading av-mm3icfy1-5d874d0cad7f214aa924aab9a242e33a av-special-heading-h1 custom-color-heading blockquote modern-quote modern-centered  avia-builder-el-2  el_before_av_hr  avia-builder-el-first  av-inherit-size'><h1 class='av-special-heading-tag'  itemprop=\"headline\"  >Resultados deportivos<\/h1><div class=\"special-heading-border\"><div class=\"special-heading-inner-border\"><\/div><\/div><\/div><br \/>\n\n<style type=\"text\/css\" data-created_by=\"avia_inline_auto\" id=\"style-css-av-2n56g-1a23aed59da014e69a173a0d00eed97b\">\n#top .hr.hr-invisible.av-2n56g-1a23aed59da014e69a173a0d00eed97b{\nheight:25px;\n}\n<\/style>\n<div  class='hr av-2n56g-1a23aed59da014e69a173a0d00eed97b hr-invisible  avia-builder-el-3  el_after_av_heading  el_before_av_button'><span class='hr-inner'><span class=\"hr-inner-style\"><\/span><\/span><\/div><br \/>\n<div  class='avia-button-wrap av-mm3icl3p-a8efe93c995a5f9da4e282b00568d7f1-wrap avia-button-center  avia-builder-el-4  el_after_av_hr  avia-builder-el-last'><a href='#info'  class='avia-button av-mm3icl3p-a8efe93c995a5f9da4e282b00568d7f1 av-link-btn avia-icon_select-no avia-size-small avia-position-center avia-color-theme-color'   aria-label=\"Ver los resultados\"><span class='avia_iconbox_title' >Ver los resultados<\/span><\/a><\/div><\/p><\/div>\n\n<\/div><\/div><\/main><!-- close content main element --><\/div><\/div><div id='av_section_2'  class='avia-section av-mm3icyou-ea9d50f0e0b35c4349ca73396748785c main_color avia-section-large avia-no-border-styling  avia-builder-el-5  el_after_av_section  el_before_av_layout_row  avia-bg-style-scroll container_wrap fullsize'  ><div class='container av-section-cont-open' ><div class='template-page content  av-content-full alpha units'><div class='post-entry post-entry-type-page post-entry-32'><div class='entry-content-wrapper clearfix'>\n<div  class='flex_column av-21e5k-419aea737fbb709b2ef15e1e6859ec0e av_one_fifth  avia-builder-el-6  el_before_av_three_fifth  avia-builder-el-first  first flex_column_div'     ><\/div><div  class='flex_column av-1lpyg-eaa33e4a408d71372cd565992610800d av_three_fifth  avia-builder-el-7  el_after_av_one_fifth  el_before_av_one_fifth  flex_column_div'     ><section  class='av_textblock_section av-mm3idxur-e3a1db64d87e67146ed05c281c916460'   itemscope=\"itemscope\" itemtype=\"https:\/\/schema.org\/CreativeWork\" ><div class='avia_textblock'  itemprop=\"text\" ><h2>Una tradici\u00f3n de excelencia<\/h2>\n<p><span class=\"intro\">Desde campeonatos del mundo de enganches hasta t\u00edtulos europeos de doma cl\u00e1sica, nuestros caballos han demostrado su capacidad una y otra vez. Cada resultado es fruto de una cr\u00eda meticulosa, un entrenamiento cuidadoso y un profundo respeto por el caballo.<\/span><\/p>\n<h3>Destacados<\/h3>\n<ul>\n<li>2006 - Campe\u00f3n del Mundo de Conducci\u00f3n de Carruajes, Aquisgr\u00e1n<\/li>\n<li>2013-2015 - Craque das Figueiras compite en tres Campeonatos del Mundo<\/li>\n<li>2024 - Quelus das Figueiras se proclama Campe\u00f3n de Europa de 4 a\u00f1os (84.2%)<\/li>\n<li>2024 - Pastor das Figueiras se proclama Campe\u00f3n de Europa de 5 a\u00f1os (86.1%)<\/li>\n<li>2024 - Jota das Figueiras gana el CDI Le Mans<\/li>\n<\/ul>\n<h3>La prueba viviente de una visi\u00f3n<\/h3>\n<p>Nuestros resultados reflejan la consistencia de nuestro programa de cr\u00eda. Los caballos de Figueiras ahora act\u00faan en toda Europa, desde las clases de caballos j\u00f3venes hasta los Grandes Premios internacionales.<\/p>\n<h3>Actualizaciones din\u00e1micas<\/h3>\n<p>Nuestros resultados deportivos se actualizan semanalmente a trav\u00e9s de nuestro CMS, para que siempre pueda seguir las \u00faltimas actuaciones de nuestros caballos, yeguas y sementales en competici\u00f3n.<\/p>\n<\/div><\/section><br \/>\n<section  id=\"info\"  class='av_textblock_section av-mm4wp3g1-37e54b119b4a40925d7c1f17effa414e'   itemscope=\"itemscope\" itemtype=\"https:\/\/schema.org\/CreativeWork\" ><div class='avia_textblock titel-icon'  itemprop=\"text\" ><p><img loading=\"lazy\" decoding=\"async\" class=\"wp-image-84 aligncenter\" src=\"https:\/\/horsesoffigueiras.bonsaidev.nl\/wp-content\/uploads\/2026\/02\/icon.png\" alt=\"\" width=\"24\" height=\"38\" \/><\/p>\n<h1 style=\"text-align: center;\">Resultados deportivos<\/h1>\n<\/div><\/section><br \/>\n<\/p><\/div><div  class='flex_column av-2zfk-35b0bde39afb737301b50d63d5e1488f av_one_fifth  avia-builder-el-11  el_after_av_three_fifth  avia-builder-el-last  flex_column_div'     ><\/div><\/div><\/div><\/div><!-- close content main div --><\/div><\/div><div id='av-layout-grid-1'  class='av-layout-grid-container av-248gw-f237138d4085e8e7c6d2269548b446b5 entry-content-wrapper main_color av-flex-cells  avia-builder-el-12  el_after_av_section  avia-builder-el-last  grid-row-not-first  container_wrap fullsize'  >\n\n<style type=\"text\/css\" data-created_by=\"avia_inline_auto\" id=\"style-css-av-1axj4-5a7b6481f847e0786f2432264f0d2711\">\n.flex_cell.av-1axj4-5a7b6481f847e0786f2432264f0d2711{\nvertical-align:top;\nbackground-color:#1e1b2e;\n}\n.responsive #top #wrap_all .flex_cell.av-1axj4-5a7b6481f847e0786f2432264f0d2711{\npadding:160px 0px 120px 0px !important;\n}\n<\/style>\n<div class='flex_cell av-1axj4-5a7b6481f847e0786f2432264f0d2711 av-gridrow-cell av_one_full no_margin  avia-builder-el-13  avia-builder-el-no-sibling  content-align-top'  ><div class='flex_cell_inner'>\n<\/div><\/div>\n<\/div><\/p>","protected":false},"excerpt":{"rendered":"","protected":false},"author":1,"featured_media":0,"parent":0,"menu_order":0,"comment_status":"closed","ping_status":"closed","template":"","meta":{"_acf_changed":false,"footnotes":""},"class_list":["post-32","page","type-page","status-publish","hentry"],"acf":[],"_links":{"self":[{"href":"https:\/\/horsesoffigueiras.bonsaidev.nl\/es\/wp-json\/wp\/v2\/pages\/32","targetHints":{"allow":["GET"]}}],"collection":[{"href":"https:\/\/horsesoffigueiras.bonsaidev.nl\/es\/wp-json\/wp\/v2\/pages"}],"about":[{"href":"https:\/\/horsesoffigueiras.bonsaidev.nl\/es\/wp-json\/wp\/v2\/types\/page"}],"author":[{"embeddable":true,"href":"https:\/\/horsesoffigueiras.bonsaidev.nl\/es\/wp-json\/wp\/v2\/users\/1"}],"replies":[{"embeddable":true,"href":"https:\/\/horsesoffigueiras.bonsaidev.nl\/es\/wp-json\/wp\/v2\/comments?post=32"}],"version-history":[{"count":9,"href":"https:\/\/horsesoffigueiras.bonsaidev.nl\/es\/wp-json\/wp\/v2\/pages\/32\/revisions"}],"predecessor-version":[{"id":778,"href":"https:\/\/horsesoffigueiras.bonsaidev.nl\/es\/wp-json\/wp\/v2\/pages\/32\/revisions\/778"}],"wp:attachment":[{"href":"https:\/\/horsesoffigueiras.bonsaidev.nl\/es\/wp-json\/wp\/v2\/media?parent=32"}],"curies":[{"name":"wp","href":"https:\/\/api.w.org\/{rel}","templated":true}]}}