{"id":34,"date":"2026-02-26T10:57:32","date_gmt":"2026-02-26T10:57:32","guid":{"rendered":"https:\/\/horsesoffigueiras.bonsaidev.nl\/?page_id=34"},"modified":"2026-03-16T18:34:31","modified_gmt":"2026-03-16T17:34:31","slug":"horsewelfare","status":"publish","type":"page","link":"https:\/\/horsesoffigueiras.bonsaidev.nl\/es\/horsewelfare\/","title":{"rendered":"Bienestar de los caballos"},"content":{"rendered":"<style type=\"text\/css\" data-created_by=\"avia_inline_auto\" id=\"style-css-av-5h232-aaaca6501a3da3378e3c6be5767342ab\">\n.avia-section.av-5h232-aaaca6501a3da3378e3c6be5767342ab{\nbackground-color:#ebe8de;\nbackground-image:unset;\n}\n<\/style>\n<div id='av_section_1'  class='avia-section av-5h232-aaaca6501a3da3378e3c6be5767342ab main_color avia-section-default avia-no-border-styling  avia-builder-el-0  el_before_av_section  avia-builder-el-first  avia-bg-style-scroll av-minimum-height av-minimum-height-custom av-height-custom  container_wrap fullsize'   data-av_minimum_height_px='480'><div class='container av-section-cont-open' style='height:480px'><main  role=\"main\" itemprop=\"mainContentOfPage\"  class='template-page content  av-content-full alpha units'><div class='post-entry post-entry-type-page post-entry-34'><div class='entry-content-wrapper clearfix'>\n<div  class='flex_column av-55tly-31bed56ee64dfdf37ea528c504dc9b29 av_one_full  avia-builder-el-1  avia-builder-el-no-sibling  first flex_column_div'     ><style type=\"text\/css\" data-created_by=\"avia_inline_auto\" id=\"style-css-av-mmtgoqw8-c25202d46e4cb306f2d6232073341754\">\n#top .av-special-heading.av-mmtgoqw8-c25202d46e4cb306f2d6232073341754{\npadding-bottom:10px;\ncolor:#1e1b2e;\nfont-size:68px;\n}\nbody .av-special-heading.av-mmtgoqw8-c25202d46e4cb306f2d6232073341754 .av-special-heading-tag .heading-char{\nfont-size:25px;\n}\n#top #wrap_all .av-special-heading.av-mmtgoqw8-c25202d46e4cb306f2d6232073341754 .av-special-heading-tag{\nfont-size:68px;\n}\n.av-special-heading.av-mmtgoqw8-c25202d46e4cb306f2d6232073341754 .special-heading-inner-border{\nborder-color:#1e1b2e;\n}\n.av-special-heading.av-mmtgoqw8-c25202d46e4cb306f2d6232073341754 .av-subheading{\nfont-size:15px;\n}\n\n@media only screen and (min-width: 480px) and (max-width: 767px){ \n#top #wrap_all .av-special-heading.av-mmtgoqw8-c25202d46e4cb306f2d6232073341754 .av-special-heading-tag{\nfont-size:0.8em;\n}\n}\n\n@media only screen and (max-width: 479px){ \n#top #wrap_all .av-special-heading.av-mmtgoqw8-c25202d46e4cb306f2d6232073341754 .av-special-heading-tag{\nfont-size:0.8em;\n}\n}\n<\/style>\n<div  class='av-special-heading av-mmtgoqw8-c25202d46e4cb306f2d6232073341754 av-special-heading-h1 custom-color-heading blockquote modern-quote modern-centered  avia-builder-el-2  avia-builder-el-no-sibling  av-inherit-size'><h1 class='av-special-heading-tag'  itemprop=\"headline\"  >Bienestar de los caballos<\/h1><div class=\"special-heading-border\"><div class=\"special-heading-inner-border\"><\/div><\/div><\/div><\/div>\n\n<\/div><\/div><\/main><!-- close content main element --><\/div><\/div><div id='av_section_2'  class='avia-section av-4erm2-2b3d9e89349c30326054a69fe5010ee2 main_color avia-section-default avia-no-border-styling  avia-builder-el-3  el_after_av_section  el_before_av_layout_row  avia-bg-style-scroll container_wrap fullsize'  ><div class='container av-section-cont-open' ><div class='template-page content  av-content-full alpha units'><div class='post-entry post-entry-type-page post-entry-34'><div class='entry-content-wrapper clearfix'>\n<div  class='flex_column av-3n332-54a3bbb543645d84a70e079400ecf572 av_one_fifth  avia-builder-el-4  el_before_av_three_fifth  avia-builder-el-first  first flex_column_div'     ><\/div><div  class='flex_column av-34e3a-bb1e91f93541c093e3b0393c177d8809 av_three_fifth  avia-builder-el-5  el_after_av_one_fifth  el_before_av_one_fifth  flex_column_div'     ><section  class='av_textblock_section av-mmtgpmqe-d3e5aa4891315431510ca44662670b17'   itemscope=\"itemscope\" itemtype=\"https:\/\/schema.org\/CreativeWork\" ><div class='avia_textblock'  itemprop=\"text\" ><h2>Nuestra filosof\u00eda<\/h2>\n<p><span class=\"intro\">Desde el potro hasta el caballo de Gran Premio, cada individuo recibe la atenci\u00f3n y el respeto que merece. La forma en que alimentamos, entrenamos y alojamos a nuestros caballos refleja una simple creencia: la verdadera calidad deportiva s\u00f3lo puede crecer a partir del bienestar y la confianza.<\/span><\/p>\n<h2>Instalaciones dise\u00f1adas para caballos<\/h2>\n<p>Nuestras instalaciones se construyeron pensando en la comodidad y la salud del caballo. Los amplios boxes con luz natural, las salidas diarias a los paddocks y los establos bien ventilados garantizan un entorno tranquilo en el que los caballos pueden prosperar.<\/p>\n<h2>Formaci\u00f3n y recuperaci\u00f3n<\/h2>\n<p>Cada sesi\u00f3n de entrenamiento va seguida de un enfriamiento adecuado y, cuando es necesario, de fisioterapia o masajes. Las revisiones m\u00e9dicas peri\u00f3dicas, los cuidados dentales y las visitas al herrador forman parte de nuestro plan de bienestar estructurado.<\/p>\n<h2>Selecci\u00f3n y control<\/h2>\n<p>Nuestro comit\u00e9 de selecci\u00f3n eval\u00faa no s\u00f3lo el rendimiento, sino tambi\u00e9n la solidez y el equilibrio mental. Los caballos que se sienten bien, tanto f\u00edsica como mentalmente, son los que destacan.<\/p>\n<\/div><\/section><\/div><div  class='flex_column av-2rn52-a3fefd18a20724425ff23592ed0860d1 av_one_fifth  avia-builder-el-7  el_after_av_three_fifth  avia-builder-el-last  flex_column_div'     ><\/div><\/div><\/div><\/div><!-- close content main div --><\/div><\/div><div id='av-layout-grid-1'  class='av-layout-grid-container av-242wy-e3de97e83b061cb99c1535ee95163bd3 entry-content-wrapper main_color av-flex-cells  avia-builder-el-8  el_after_av_section  avia-builder-el-last  grid-row-not-first  container_wrap fullsize'  >\n\n<style type=\"text\/css\" data-created_by=\"avia_inline_auto\" id=\"style-css-av-1pkxa-0f63fc5484e8f9cb0b4c9478f1a4f1f4\">\n.flex_cell.av-1pkxa-0f63fc5484e8f9cb0b4c9478f1a4f1f4{\nvertical-align:top;\nbackground-color:#1e1b2e;\n}\n.responsive #top #wrap_all .flex_cell.av-1pkxa-0f63fc5484e8f9cb0b4c9478f1a4f1f4{\npadding:160px 0px 120px 0px !important;\n}\n<\/style>\n<div class='flex_cell av-1pkxa-0f63fc5484e8f9cb0b4c9478f1a4f1f4 av-gridrow-cell av_one_full no_margin  avia-builder-el-9  avia-builder-el-no-sibling  content-align-top'  ><div class='flex_cell_inner'>\n<\/div><\/div>\n<\/div><\/p>","protected":false},"excerpt":{"rendered":"","protected":false},"author":1,"featured_media":0,"parent":0,"menu_order":0,"comment_status":"closed","ping_status":"closed","template":"","meta":{"_acf_changed":false,"footnotes":""},"class_list":["post-34","page","type-page","status-publish","hentry"],"acf":[],"_links":{"self":[{"href":"https:\/\/horsesoffigueiras.bonsaidev.nl\/es\/wp-json\/wp\/v2\/pages\/34","targetHints":{"allow":["GET"]}}],"collection":[{"href":"https:\/\/horsesoffigueiras.bonsaidev.nl\/es\/wp-json\/wp\/v2\/pages"}],"about":[{"href":"https:\/\/horsesoffigueiras.bonsaidev.nl\/es\/wp-json\/wp\/v2\/types\/page"}],"author":[{"embeddable":true,"href":"https:\/\/horsesoffigueiras.bonsaidev.nl\/es\/wp-json\/wp\/v2\/users\/1"}],"replies":[{"embeddable":true,"href":"https:\/\/horsesoffigueiras.bonsaidev.nl\/es\/wp-json\/wp\/v2\/comments?post=34"}],"version-history":[{"count":4,"href":"https:\/\/horsesoffigueiras.bonsaidev.nl\/es\/wp-json\/wp\/v2\/pages\/34\/revisions"}],"predecessor-version":[{"id":378,"href":"https:\/\/horsesoffigueiras.bonsaidev.nl\/es\/wp-json\/wp\/v2\/pages\/34\/revisions\/378"}],"wp:attachment":[{"href":"https:\/\/horsesoffigueiras.bonsaidev.nl\/es\/wp-json\/wp\/v2\/media?parent=34"}],"curies":[{"name":"wp","href":"https:\/\/api.w.org\/{rel}","templated":true}]}}