{"id":921,"date":"2026-04-16T16:05:32","date_gmt":"2026-04-16T14:05:32","guid":{"rendered":"https:\/\/horsesoffigueiras.bonsaidev.nl\/?page_id=921"},"modified":"2026-04-16T16:08:49","modified_gmt":"2026-04-16T14:08:49","slug":"voices-of-figueiras","status":"publish","type":"page","link":"https:\/\/horsesoffigueiras.bonsaidev.nl\/pt\/voices-of-figueiras\/","title":{"rendered":"Voices of Figueiras"},"content":{"rendered":"<style type=\"text\/css\" data-created_by=\"avia_inline_auto\" id=\"style-css-av-mm3dsvsw-381d21eda0f6a82798a5fd2cf64b8e89\">\n.avia-section.av-mm3dsvsw-381d21eda0f6a82798a5fd2cf64b8e89{\nbackground-color:#ebe8de;\nbackground-image:unset;\n}\n<\/style>\n<div id='av_section_1'  class='avia-section av-mm3dsvsw-381d21eda0f6a82798a5fd2cf64b8e89 main_color avia-section-default avia-no-border-styling  avia-builder-el-0  el_before_av_section  avia-builder-el-first  avia-bg-style-scroll av-minimum-height av-minimum-height-custom av-height-custom  container_wrap fullsize'   data-av_minimum_height_px='480'><div class='container av-section-cont-open' style='height:480px'><main  role=\"main\" itemprop=\"mainContentOfPage\"  class='template-page content  av-content-full alpha units'><div class='post-entry post-entry-type-page post-entry-921'><div class='entry-content-wrapper clearfix'>\n<div  class='flex_column av-usw6-9056c41d1871fc06af6b143207d67655 av_one_full  avia-builder-el-1  avia-builder-el-no-sibling  first flex_column_div'     ><p>\n<style type=\"text\/css\" data-created_by=\"avia_inline_auto\" id=\"style-css-av-mm3dtszi-f1ba0e1b81fe5c85e78c703cbf4dfe01\">\n#top .av-special-heading.av-mm3dtszi-f1ba0e1b81fe5c85e78c703cbf4dfe01{\npadding-bottom:10px;\ncolor:#1e1b2e;\nfont-size:68px;\n}\nbody .av-special-heading.av-mm3dtszi-f1ba0e1b81fe5c85e78c703cbf4dfe01 .av-special-heading-tag .heading-char{\nfont-size:25px;\n}\n#top #wrap_all .av-special-heading.av-mm3dtszi-f1ba0e1b81fe5c85e78c703cbf4dfe01 .av-special-heading-tag{\nfont-size:68px;\n}\n.av-special-heading.av-mm3dtszi-f1ba0e1b81fe5c85e78c703cbf4dfe01 .special-heading-inner-border{\nborder-color:#1e1b2e;\n}\n.av-special-heading.av-mm3dtszi-f1ba0e1b81fe5c85e78c703cbf4dfe01 .av-subheading{\nfont-size:15px;\n}\n\n@media only screen and (min-width: 480px) and (max-width: 767px){ \n#top #wrap_all .av-special-heading.av-mm3dtszi-f1ba0e1b81fe5c85e78c703cbf4dfe01 .av-special-heading-tag{\nfont-size:0.8em;\n}\n}\n\n@media only screen and (max-width: 479px){ \n#top #wrap_all .av-special-heading.av-mm3dtszi-f1ba0e1b81fe5c85e78c703cbf4dfe01 .av-special-heading-tag{\nfont-size:0.8em;\n}\n}\n<\/style>\n<div  class='av-special-heading av-mm3dtszi-f1ba0e1b81fe5c85e78c703cbf4dfe01 av-special-heading-h1 custom-color-heading blockquote modern-quote modern-centered  avia-builder-el-2  el_before_av_hr  avia-builder-el-first  av-inherit-size'><h1 class='av-special-heading-tag'  itemprop=\"headline\"  >Voices of Figueiras<\/h1><div class=\"special-heading-border\"><div class=\"special-heading-inner-border\"><\/div><\/div><\/div><br \/>\n\n<style type=\"text\/css\" data-created_by=\"avia_inline_auto\" id=\"style-css-av-mm3duwy6-5888416d7325b9b08a10465f2e202280\">\n#top .hr.hr-invisible.av-mm3duwy6-5888416d7325b9b08a10465f2e202280{\nheight:25px;\n}\n<\/style>\n<div  class='hr av-mm3duwy6-5888416d7325b9b08a10465f2e202280 hr-invisible  avia-builder-el-3  el_after_av_heading  el_before_av_button'><span class='hr-inner'><span class=\"hr-inner-style\"><\/span><\/span><\/div><br \/>\n<div  class='avia-button-wrap av-115oa-02538211bad0311ad7938efca699cf81-wrap avia-button-center  avia-builder-el-4  el_after_av_hr  avia-builder-el-last'><a href='#horses'  class='avia-button av-115oa-02538211bad0311ad7938efca699cf81 av-link-btn avia-icon_select-no avia-size-small avia-position-center avia-color-theme-color'   aria-label=\"Our World, Their Words\"><span class='avia_iconbox_title' >Our World, Their Words<\/span><\/a><\/div><\/p><\/div><\/div><\/div><\/main><!-- close content main element --><\/div><\/div><div id='av_section_2'  class='avia-section av-gsne-3dc48817c359740347c089b372fad4e4 main_color avia-section-default avia-no-border-styling  avia-builder-el-5  el_after_av_section  avia-builder-el-last  avia-bg-style-scroll container_wrap fullsize'  ><div class='container av-section-cont-open' ><div class='template-page content  av-content-full alpha units'><div class='post-entry post-entry-type-page post-entry-921'><div class='entry-content-wrapper clearfix'>\n<div  class='flex_column av-43us6-c60cd8dbd133b1b5bc900d86c3a21085 av_one_half  avia-builder-el-6  el_before_av_one_half  avia-builder-el-first  first flex_column_div'     ><section  class='av_textblock_section av-3hx4e-ba6b93fdfd3148a1e57d5f72280b1a06'   itemscope=\"itemscope\" itemtype=\"https:\/\/schema.org\/CreativeWork\" ><div class='avia_textblock'  itemprop=\"text\" ><h3>Uma cole\u00e7\u00e3o cuidadosamente selecionada<\/h3>\n<p>Todos os anos, apenas alguns dos nossos cavalos jovens s\u00e3o disponibilizados para venda. Todos s\u00e3o criados e treinados nas Figueiras sob os mesmos princ\u00edpios que orientam a nossa cria\u00e7\u00e3o h\u00e1 mais de duas d\u00e9cadas: equil\u00edbrio, elasticidade e vontade de trabalhar.<\/p>\n<\/div><\/section><\/div><div  class='flex_column av-2w6he-0dc0454a04ad5f264801614a2ee138d4 av_one_half  avia-builder-el-8  el_after_av_one_half  el_before_av_one_half  flex_column_div'     ><section  class='av_textblock_section av-mm3dvybf-4e5fb9117ed8d1aad0d3c9624ecf05ea'   itemscope=\"itemscope\" itemtype=\"https:\/\/schema.org\/CreativeWork\" ><div class='avia_textblock'  itemprop=\"text\" ><h3>Forma\u00e7\u00e3o e desenvolvimento<\/h3>\n<p>Desde o primeiro dia sob a sela, os nossos cavalos jovens s\u00e3o guiados por cavaleiros e treinadores profissionais que valorizam a sensibilidade, a confian\u00e7a e a biomec\u00e2nica correta. Isto garante que o potencial f\u00edsico e mental de cada cavalo possa desenvolver-se plenamente.<\/p>\n<\/div><\/section><\/div><div class='flex_column_table av-2demu-077b7b01896dc2de0da772d50f0354a9 sc-av_one_half av-equal-height-column-flextable'><div  class='flex_column av-2demu-077b7b01896dc2de0da772d50f0354a9 av_one_half  avia-builder-el-10  el_after_av_one_half  el_before_av_one_half  first flex_column_table_cell av-equal-height-column av-align-middle  column-top-margin'     ><section  class='av_textblock_section av-1pykq-a0883d85d4a22d5d18f34dd21af08ad2'   itemscope=\"itemscope\" itemtype=\"https:\/\/schema.org\/CreativeWork\" ><div class='avia_textblock'  itemprop=\"text\" ><h3>Forma\u00e7\u00e3o e desenvolvimento<\/h3>\n<p>Desde o primeiro dia sob a sela, os nossos cavalos jovens s\u00e3o guiados por cavaleiros e treinadores profissionais que valorizam a sensibilidade, a confian\u00e7a e a biomec\u00e2nica correta. Isto garante que o potencial f\u00edsico e mental de cada cavalo possa desenvolver-se plenamente.<\/p>\n<\/div><\/section><\/div><div class='av-flex-placeholder'><\/div>\n<style type=\"text\/css\" data-created_by=\"avia_inline_auto\" id=\"style-css-av-mm3dxea4-8b51274e11cb9c9d57a7823756ec4399\">\n.flex_column.av-mm3dxea4-8b51274e11cb9c9d57a7823756ec4399{\nborder-radius:20px 20px 20px 20px;\npadding:40px 30px 40px 30px;\nbackground-color:#1e1b2e;\n}\n<\/style>\n<div  class='flex_column av-mm3dxea4-8b51274e11cb9c9d57a7823756ec4399 av_one_half  avia-builder-el-12  el_after_av_one_half  el_before_av_one_full  flex_column_table_cell av-equal-height-column av-align-middle  column-top-margin'     ><p>\n<style type=\"text\/css\" data-created_by=\"avia_inline_auto\" id=\"style-css-av-mm3fsrrg-127fd4440e9f5f2b154683add78485eb\">\n#top .av-special-heading.av-mm3fsrrg-127fd4440e9f5f2b154683add78485eb{\npadding-bottom:10px;\ncolor:#a79680;\n}\nbody .av-special-heading.av-mm3fsrrg-127fd4440e9f5f2b154683add78485eb .av-special-heading-tag .heading-char{\nfont-size:25px;\n}\n.av-special-heading.av-mm3fsrrg-127fd4440e9f5f2b154683add78485eb .special-heading-inner-border{\nborder-color:#a79680;\n}\n.av-special-heading.av-mm3fsrrg-127fd4440e9f5f2b154683add78485eb .av-subheading{\nfont-size:18px;\ncolor:#ebe8de;\n}\n<\/style>\n<div  class='av-special-heading av-mm3fsrrg-127fd4440e9f5f2b154683add78485eb av-special-heading-h4 custom-color-heading blockquote modern-quote  avia-builder-el-13  el_before_av_hr  avia-builder-el-first'><h4 class='av-special-heading-tag'  itemprop=\"headline\"  >Gostaria de saber mais sobre um dos nossos cavalos?<\/h4><div class='av_custom_color av-subheading av-subheading_below'><p>Entraremos em contacto consigo pessoalmente.<\/p>\n<\/div><div class=\"special-heading-border\"><div class=\"special-heading-inner-border\"><\/div><\/div><\/div><br \/>\n\n<style type=\"text\/css\" data-created_by=\"avia_inline_auto\" id=\"style-css-av-mm3hie6g-335018180e6e31cef2de7080fcbe9d3a\">\n#top .hr.hr-invisible.av-mm3hie6g-335018180e6e31cef2de7080fcbe9d3a{\nheight:10px;\n}\n<\/style>\n<div  class='hr av-mm3hie6g-335018180e6e31cef2de7080fcbe9d3a hr-invisible  avia-builder-el-14  el_after_av_heading  el_before_av_button'><span class='hr-inner'><span class=\"hr-inner-style\"><\/span><\/span><\/div><br \/>\n<div  class='avia-button-wrap av-mm3du18z-8e1b7d94ce66e29034952db8b05ed5b8-wrap avia-button-left  avia-builder-el-15  el_after_av_hr  avia-builder-el-last'><a href='https:\/\/horsesoffigueiras.bonsaidev.nl\/pt\/contact-us\/'  class='avia-button av-mm3du18z-8e1b7d94ce66e29034952db8b05ed5b8 av-link-btn avia-icon_select-no avia-size-small avia-position-left avia-color-theme-color'   aria-label=\"Contactar-nos\"><span class='avia_iconbox_title' >Contactar-nos<\/span><\/a><\/div><\/p><\/div><\/div><!--close column table wrapper. Autoclose: 1 -->\n<style type=\"text\/css\" data-created_by=\"avia_inline_auto\" id=\"style-css-av-xudu-c66387b4e9d5c34dc2032d2cb0175963\">\n#top .flex_column.av-xudu-c66387b4e9d5c34dc2032d2cb0175963{\nmargin-top:140px;\nmargin-bottom:0px;\n}\n.responsive #top #wrap_all .flex_column.av-xudu-c66387b4e9d5c34dc2032d2cb0175963{\nmargin-top:140px;\nmargin-bottom:0px;\n}\n<\/style>\n<div  id=\"horses\"  class='flex_column av-xudu-c66387b4e9d5c34dc2032d2cb0175963 av_one_full  avia-builder-el-16  el_after_av_one_half  avia-builder-el-last  first flex_column_div  column-top-margin'     ><p><section  class='av_textblock_section av-mm3hfcqi-b7f90356b6443725d3cb0b350d6cd0e6'   itemscope=\"itemscope\" itemtype=\"https:\/\/schema.org\/CreativeWork\" ><div class='avia_textblock titel-icon'  itemprop=\"text\" ><p><img loading=\"lazy\" decoding=\"async\" class=\"wp-image-84 aligncenter\" src=\"https:\/\/horsesoffigueiras.bonsaidev.nl\/wp-content\/uploads\/2026\/02\/icon.png\" alt=\"\" width=\"24\" height=\"38\" \/><\/p>\n<h1 style=\"text-align: center;\">Voices of Figueiras<\/h1>\n<\/div><\/section><br \/>\n\n<style type=\"text\/css\" data-created_by=\"avia_inline_auto\" id=\"style-css-av-10qju-9f2e3a41030fb3ef12fa72da3a6eb344\">\n#top .hr.hr-invisible.av-10qju-9f2e3a41030fb3ef12fa72da3a6eb344{\nheight:15px;\n}\n<\/style>\n<div  class='hr av-10qju-9f2e3a41030fb3ef12fa72da3a6eb344 hr-invisible  avia-builder-el-18  el_after_av_textblock  el_before_av_codeblock'><span class='hr-inner'><span class=\"hr-inner-style\"><\/span><\/span><\/div><br \/>\n<\/p><\/div>\n<\/p>","protected":false},"excerpt":{"rendered":"","protected":false},"author":1,"featured_media":0,"parent":0,"menu_order":0,"comment_status":"closed","ping_status":"closed","template":"","meta":{"_acf_changed":false,"footnotes":""},"class_list":["post-921","page","type-page","status-publish","hentry"],"acf":[],"_links":{"self":[{"href":"https:\/\/horsesoffigueiras.bonsaidev.nl\/pt\/wp-json\/wp\/v2\/pages\/921","targetHints":{"allow":["GET"]}}],"collection":[{"href":"https:\/\/horsesoffigueiras.bonsaidev.nl\/pt\/wp-json\/wp\/v2\/pages"}],"about":[{"href":"https:\/\/horsesoffigueiras.bonsaidev.nl\/pt\/wp-json\/wp\/v2\/types\/page"}],"author":[{"embeddable":true,"href":"https:\/\/horsesoffigueiras.bonsaidev.nl\/pt\/wp-json\/wp\/v2\/users\/1"}],"replies":[{"embeddable":true,"href":"https:\/\/horsesoffigueiras.bonsaidev.nl\/pt\/wp-json\/wp\/v2\/comments?post=921"}],"version-history":[{"count":4,"href":"https:\/\/horsesoffigueiras.bonsaidev.nl\/pt\/wp-json\/wp\/v2\/pages\/921\/revisions"}],"predecessor-version":[{"id":923,"href":"https:\/\/horsesoffigueiras.bonsaidev.nl\/pt\/wp-json\/wp\/v2\/pages\/921\/revisions\/923"}],"wp:attachment":[{"href":"https:\/\/horsesoffigueiras.bonsaidev.nl\/pt\/wp-json\/wp\/v2\/media?parent=921"}],"curies":[{"name":"wp","href":"https:\/\/api.w.org\/{rel}","templated":true}]}}